{"id":2257,"date":"2024-03-20T10:54:22","date_gmt":"2024-03-20T09:54:22","guid":{"rendered":"https:\/\/garnibirkenau.com\/umgebung\/st-martin\/"},"modified":"2024-05-16T09:27:05","modified_gmt":"2024-05-16T07:27:05","slug":"san-martino","status":"publish","type":"page","link":"https:\/\/garnibirkenau.com\/it\/dintorni\/san-martino\/","title":{"rendered":"San Martino"},"content":{"rendered":"[vc_row type=&#8221;full_width_background&#8221; full_screen_row_position=&#8221;middle&#8221; column_margin=&#8221;none&#8221; column_direction=&#8221;default&#8221; column_direction_tablet=&#8221;default&#8221; column_direction_phone=&#8221;default&#8221; bg_color=&#8221;#e4ded5&#8243; scene_position=&#8221;center&#8221; top_padding=&#8221;2%&#8221; top_padding_tablet=&#8221;7%&#8221; bottom_padding_tablet=&#8221;10%&#8221; text_color=&#8221;custom&#8221; custom_text_color=&#8221;#d4c0ff&#8221; text_align=&#8221;left&#8221; row_border_radius=&#8221;none&#8221; row_border_radius_applies=&#8221;bg&#8221; overflow=&#8221;visible&#8221; overlay_strength=&#8221;0.3&#8243; gradient_direction=&#8221;left_to_right&#8221; enable_shape_divider=&#8221;true&#8221; shape_divider_color=&#8221;#ffffff&#8221; shape_divider_position=&#8221;bottom&#8221; shape_divider_height=&#8221;50%&#8221; bg_image_animation=&#8221;none&#8221; shape_type=&#8221;straight_section&#8221; gradient_type=&#8221;default&#8221;][vc_column column_padding=&#8221;no-extra-padding&#8221; column_padding_tablet=&#8221;inherit&#8221; column_padding_phone=&#8221;inherit&#8221; column_padding_position=&#8221;all&#8221; column_element_direction_desktop=&#8221;default&#8221; column_element_spacing=&#8221;default&#8221; desktop_text_alignment=&#8221;default&#8221; tablet_text_alignment=&#8221;default&#8221; phone_text_alignment=&#8221;default&#8221; background_color_opacity=&#8221;1&#8243; background_hover_color_opacity=&#8221;1&#8243; column_backdrop_filter=&#8221;none&#8221; column_shadow=&#8221;none&#8221; column_border_radius=&#8221;none&#8221; column_link_target=&#8221;_self&#8221; column_position=&#8221;default&#8221; gradient_direction=&#8221;left_to_right&#8221; overlay_strength=&#8221;0.3&#8243; width=&#8221;1\/1&#8243; tablet_width_inherit=&#8221;default&#8221; animation_type=&#8221;default&#8221; bg_image_animation=&#8221;none&#8221; border_type=&#8221;simple&#8221; column_border_width=&#8221;none&#8221; column_border_style=&#8221;solid&#8221;][carousel script=&#8221;simple_slider&#8221; simple_slider_sizing=&#8221;aspect_ratio&#8221; simple_slider_aspect_ratio=&#8221;2-1&#8243; simple_slider_transition_type=&#8221;slide&#8221; simple_slider_parallax=&#8221;true&#8221; simple_slider_min_height=&#8221;575&#8243;][item simple_slider_bg_image_url=&#8221;290&#8243; simple_slider_bg_image_position=&#8221;center-center&#8221; simple_slider_font_color=&#8221;#ffffff&#8221; simple_slider_overlay_strength=&#8221;0.3&#8243; simple_slider_bg_image_loading=&#8221;default&#8221; simple_slider_gradient_direction=&#8221;left_to_right&#8221; bg_image_url=&#8221;&#8221; bg_image_position=&#8221;default&#8221; image_url=&#8221;&#8221; id=&#8221;1715844368000-3&#8243; title=&#8221;Item&#8221; tab_id=&#8221;1715844368001-6&#8243;][vc_column_text][\/vc_column_text][\/item][\/carousel][\/vc_column][\/vc_row][vc_row type=&#8221;in_container&#8221; full_screen_row_position=&#8221;middle&#8221; column_margin=&#8221;default&#8221; column_direction=&#8221;default&#8221; column_direction_tablet=&#8221;default&#8221; column_direction_phone=&#8221;default&#8221; scene_position=&#8221;center&#8221; top_padding=&#8221;3%&#8221; bottom_padding=&#8221;3%&#8221; text_color=&#8221;dark&#8221; text_align=&#8221;left&#8221; row_border_radius=&#8221;none&#8221; row_border_radius_applies=&#8221;bg&#8221; overflow=&#8221;visible&#8221; overlay_strength=&#8221;0.3&#8243; gradient_direction=&#8221;left_to_right&#8221; shape_divider_position=&#8221;bottom&#8221; bg_image_animation=&#8221;none&#8221; gradient_type=&#8221;default&#8221; shape_type=&#8221;&#8221;][vc_column column_padding=&#8221;no-extra-padding&#8221; column_padding_tablet=&#8221;inherit&#8221; column_padding_phone=&#8221;inherit&#8221; column_padding_position=&#8221;all&#8221; column_element_direction_desktop=&#8221;default&#8221; column_element_spacing=&#8221;default&#8221; desktop_text_alignment=&#8221;default&#8221; tablet_text_alignment=&#8221;default&#8221; phone_text_alignment=&#8221;default&#8221; background_color_opacity=&#8221;1&#8243; background_hover_color_opacity=&#8221;1&#8243; column_backdrop_filter=&#8221;none&#8221; column_shadow=&#8221;none&#8221; column_border_radius=&#8221;none&#8221; column_link_target=&#8221;_self&#8221; column_position=&#8221;default&#8221; gradient_direction=&#8221;left_to_right&#8221; overlay_strength=&#8221;0.3&#8243; width=&#8221;1\/1&#8243; tablet_width_inherit=&#8221;default&#8221; animation_type=&#8221;default&#8221; bg_image_animation=&#8221;none&#8221; border_type=&#8221;simple&#8221; column_border_width=&#8221;none&#8221; column_border_style=&#8221;solid&#8221;][vc_column_text css=&#8221;&#8221; text_direction=&#8221;default&#8221;]\n<h1>San Martino in Val Passiria<\/h1>\n[divider line_type=&#8221;no-line&#8221; custom_height=&#8221;30&#8243;]\n<p><strong>San Martino<\/strong>\u00a0\u00e8 un piccolo borgo nella bellissima\u00a0<strong>zona di villeggiatura attorno a Merano<\/strong>\u00a0in Italia. Circa 3.100 abitanti vivono in questa cittadina tranquilla, che dista solo 16 chilometri da Merano. L&#8217;insediamento principale nacque gi\u00e0 nel Medioevo. Oggi il comune include, tra altre, le frazioni di Saltusio e di Sorgente.<\/p>\n<p>La\u00a0<strong>chiesa parrocchiale<\/strong>, attorno alla quale si svilupp\u00f2 il villaggio nel Medioevo, \u00e8 l&#8217;attrazione principale del paese e un soggetto fotografico tanto apprezzato. La popolazione di San Martino tiene sempre molto ai suoi costumi e alla sua cultura. Il paese deve la sua notoriet\u00e0 al fatto che ospit\u00f2 nel passato la Scuola di pittura di Passiria, che esisteva dal 1719 al 1845. Le facciate di numerose case sono ancora oggi decorate degli autentici affreschi dell&#8217;epoca, che ricordano quella istituzione prestigiosa.<\/p>\n<p>In estate la\u00a0<strong>piscina pubblica<\/strong>\u00a0e i campi da tennis del comune sono molto frequentati sia dalla popolazione locale che dai vacanzieri. Gli appassionati dello sport gradiranno la\u00a0<strong>moderna sala di arrampicata<\/strong>. Nella frazione di Saltusio ci sono inoltre un bagno di fieno e una\u00a0<strong>sauna pubblici<\/strong>\u00a0dove si possono passare attimi rilassanti e rinvigoranti.<\/p>\n<h2>Il comune di San Martino<\/h2>\n<p>La cittadina di San Martino include, oltre alla localit\u00e0 centrale, le frazioni di Saltusio, Sorgente, Montaccio, Valclava e Cresta. Il territorio del comune di San Martino si estende su una superficie di circa trenta chilometri quadrati.<\/p>\n<h3>Cresta<\/h3>\n<p>La frazione di Cresta sorge su un altopiano soleggiato al di sopra del villaggio di San Leonardo. Appena un centinaio di abitanti vivono oggi in questo paese. Visto che la localit\u00e0 \u00e8 attraversata dal popolare sentiero &#8220;<a href=\"https:\/\/www.garnibirkenau.com.w0105f81.kasserver.com\/it\/attrazioni\/malghe-e-montagne.html\">Alta Via di Merano<\/a>&#8221; e che il parco naturale &#8220;<a href=\"https:\/\/www.garnibirkenau.com.w0105f81.kasserver.com\/it\/attrazioni\/parco-naturale-del-gruppo-di-tessa.html\">Gruppo di Tessa<\/a>&#8221; non \u00e8 lontano, la frazione di Cresta \u00e8 davvero un luogo consigliabile a tutti gli amanti della natura. Qui si possono passare vacanze gradevoli non solo in estate ma anche nell&#8217;inverno quando la zona sciistica &#8220;Pfelders&#8221; attira innumerevoli appassionati degli sport d&#8217;inverno.<\/p>\n<h3>Valclava<\/h3>\n<p>Il paese di Valclava con circa 320 abitanti \u00e8 caratterizzato dal ruscello omonimo, che si snoda in modo pittoresco attraverso il villaggio. Questa frazione \u00e8 circondata da prati e boschi estesi, che invitano a intraprendere\u00a0<strong>lunghe passeggiate<\/strong>.<\/p>\n<h3>Montaccio<\/h3>\n<p>La frazione di Montaccio \u00e8 un insediamento sparso ad un&#8217;altitudine di circa 1.050 metri. Anch&#8217;essa conta solo un centinaio di abitanti. Il paese \u00e8 dominato dalla cima omonima che si erge in modo impressionante fino ad\u00a0<strong>un&#8217;altezza di 2.191 metri<\/strong>.<\/p>\n<h3>Sorgente<\/h3>\n<p>Il paese di Sorgente \u00e8 conosciuto per i suoi alberghi esclusivi ed eleganti. Visto che ci sono\u00a0<strong>numerosi campi da golf<\/strong>, la frazione di Sorgente \u00e8 una destinazione privilegiata per i giocatori di golf.<\/p>\n<h3>Saltusio<\/h3>\n<p>Saltusio \u00e8 la frazione pi\u00f9 meridionale di San Martino, distante solo circa 9 chilometri da Merano. \u00c8 innanzitutto la zona escursionistica &#8220;Hirzergebiet&#8221; ad attirare gli appassionati dell&#8217;escursionismo, provenienti da vicino e da lontano. La\u00a0<strong>funivia panoramica<\/strong>\u00a0porta confortevolmente i visitatori in alto delle montagne.[\/vc_column_text][\/vc_column][\/vc_row][vc_row type=&#8221;in_container&#8221; full_screen_row_position=&#8221;middle&#8221; column_margin=&#8221;default&#8221; column_direction=&#8221;default&#8221; column_direction_tablet=&#8221;default&#8221; column_direction_phone=&#8221;default&#8221; scene_position=&#8221;center&#8221; text_color=&#8221;dark&#8221; text_align=&#8221;left&#8221; row_border_radius=&#8221;none&#8221; row_border_radius_applies=&#8221;bg&#8221; overflow=&#8221;visible&#8221; overlay_strength=&#8221;0.3&#8243; gradient_direction=&#8221;left_to_right&#8221; shape_divider_position=&#8221;bottom&#8221; bg_image_animation=&#8221;none&#8221;][vc_column column_padding=&#8221;no-extra-padding&#8221; column_padding_tablet=&#8221;inherit&#8221; column_padding_phone=&#8221;inherit&#8221; column_padding_position=&#8221;all&#8221; column_element_direction_desktop=&#8221;default&#8221; column_element_spacing=&#8221;default&#8221; desktop_text_alignment=&#8221;default&#8221; tablet_text_alignment=&#8221;default&#8221; phone_text_alignment=&#8221;default&#8221; background_color_opacity=&#8221;1&#8243; background_hover_color_opacity=&#8221;1&#8243; column_backdrop_filter=&#8221;none&#8221; column_shadow=&#8221;none&#8221; column_border_radius=&#8221;none&#8221; column_link_target=&#8221;_self&#8221; column_position=&#8221;default&#8221; gradient_direction=&#8221;left_to_right&#8221; overlay_strength=&#8221;0.3&#8243; width=&#8221;1\/1&#8243; tablet_width_inherit=&#8221;default&#8221; animation_type=&#8221;default&#8221; bg_image_animation=&#8221;none&#8221; border_type=&#8221;simple&#8221; column_border_width=&#8221;none&#8221; column_border_style=&#8221;solid&#8221;][nectar_global_section id=&#8221;2332&#8243;][\/vc_column][\/vc_row]\n","protected":false},"excerpt":{"rendered":"<p>[vc_row type=&#8221;full_width_background&#8221; full_screen_row_position=&#8221;middle&#8221; column_margin=&#8221;none&#8221; column_direction=&#8221;default&#8221; column_direction_tablet=&#8221;default&#8221; column_direction_phone=&#8221;default&#8221; bg_color=&#8221;#e4ded5&#8243; scene_position=&#8221;center&#8221; top_padding=&#8221;2%&#8221; top_padding_tablet=&#8221;7%&#8221; bottom_padding_tablet=&#8221;10%&#8221; text_color=&#8221;custom&#8221; custom_text_color=&#8221;#d4c0ff&#8221; text_align=&#8221;left&#8221; row_border_radius=&#8221;none&#8221; row_border_radius_applies=&#8221;bg&#8221; overflow=&#8221;visible&#8221; overlay_strength=&#8221;0.3&#8243; gradient_direction=&#8221;left_to_right&#8221; enable_shape_divider=&#8221;true&#8221; shape_divider_color=&#8221;#ffffff&#8221; shape_divider_position=&#8221;bottom&#8221; shape_divider_height=&#8221;50%&#8221; bg_image_animation=&#8221;none&#8221; shape_type=&#8221;straight_section&#8221; gradient_type=&#8221;default&#8221;][vc_column column_padding=&#8221;no-extra-padding&#8221; column_padding_tablet=&#8221;inherit&#8221; column_padding_phone=&#8221;inherit&#8221;&#8230;<\/p>\n","protected":false},"author":2,"featured_media":0,"parent":2245,"menu_order":0,"comment_status":"closed","ping_status":"closed","template":"","meta":{"footnotes":""},"class_list":["post-2257","page","type-page","status-publish"],"yoast_head":"<!-- This site is optimized with the Yoast SEO plugin v27.2 - https:\/\/yoast.com\/product\/yoast-seo-wordpress\/ -->\n<title>San Martino in Passeier - Garni Birkenau<\/title>\n<meta name=\"description\" content=\"San Martino, piccolo comune della splendida regione di Merano, ospita circa 3.235 abitanti e si trova a 16 chilometri da Merano.\" \/>\n<meta name=\"robots\" content=\"index, follow, max-snippet:-1, max-image-preview:large, max-video-preview:-1\" \/>\n<link rel=\"canonical\" href=\"https:\/\/garnibirkenau.com\/it\/dintorni\/san-martino\/\" \/>\n<meta property=\"og:locale\" content=\"it_IT\" \/>\n<meta property=\"og:type\" content=\"article\" \/>\n<meta property=\"og:title\" content=\"San Martino in Passeier - Garni Birkenau\" \/>\n<meta property=\"og:description\" content=\"San Martino, piccolo comune della splendida regione di Merano, ospita circa 3.235 abitanti e si trova a 16 chilometri da Merano.\" \/>\n<meta property=\"og:url\" content=\"https:\/\/garnibirkenau.com\/it\/dintorni\/san-martino\/\" \/>\n<meta property=\"og:site_name\" content=\"Garni Birkenau\" \/>\n<meta property=\"article:modified_time\" content=\"2024-05-16T07:27:05+00:00\" \/>\n<meta property=\"og:image\" content=\"https:\/\/garnibirkenau.com\/wp-content\/uploads\/2024\/02\/Garni-Birkenau-02.jpg\" \/>\n\t<meta property=\"og:image:width\" content=\"1920\" \/>\n\t<meta property=\"og:image:height\" content=\"1280\" \/>\n\t<meta property=\"og:image:type\" content=\"image\/jpeg\" \/>\n<meta name=\"twitter:card\" content=\"summary_large_image\" \/>\n<meta name=\"twitter:label1\" content=\"Tempo di lettura stimato\" \/>\n\t<meta name=\"twitter:data1\" content=\"4 minuti\" \/>\n<script type=\"application\/ld+json\" class=\"yoast-schema-graph\">{\"@context\":\"https:\/\/schema.org\",\"@graph\":[{\"@type\":\"WebPage\",\"@id\":\"https:\/\/garnibirkenau.com\/it\/dintorni\/san-martino\/\",\"url\":\"https:\/\/garnibirkenau.com\/it\/dintorni\/san-martino\/\",\"name\":\"San Martino in Passeier - Garni Birkenau\",\"isPartOf\":{\"@id\":\"https:\/\/garnibirkenau.com\/it\/#website\"},\"datePublished\":\"2024-03-20T09:54:22+00:00\",\"dateModified\":\"2024-05-16T07:27:05+00:00\",\"description\":\"San Martino, piccolo comune della splendida regione di Merano, ospita circa 3.235 abitanti e si trova a 16 chilometri da Merano.\",\"breadcrumb\":{\"@id\":\"https:\/\/garnibirkenau.com\/it\/dintorni\/san-martino\/#breadcrumb\"},\"inLanguage\":\"it-IT\",\"potentialAction\":[{\"@type\":\"ReadAction\",\"target\":[\"https:\/\/garnibirkenau.com\/it\/dintorni\/san-martino\/\"]}]},{\"@type\":\"BreadcrumbList\",\"@id\":\"https:\/\/garnibirkenau.com\/it\/dintorni\/san-martino\/#breadcrumb\",\"itemListElement\":[{\"@type\":\"ListItem\",\"position\":1,\"name\":\"Startseite\",\"item\":\"https:\/\/garnibirkenau.com\/it\/\"},{\"@type\":\"ListItem\",\"position\":2,\"name\":\"Dintorni\",\"item\":\"https:\/\/garnibirkenau.com\/it\/dintorni\/\"},{\"@type\":\"ListItem\",\"position\":3,\"name\":\"San Martino\"}]},{\"@type\":\"WebSite\",\"@id\":\"https:\/\/garnibirkenau.com\/it\/#website\",\"url\":\"https:\/\/garnibirkenau.com\/it\/\",\"name\":\"Garni Birkenau\",\"description\":\"Appartements - Ferienwohnungen - Zimmer\",\"publisher\":{\"@id\":\"https:\/\/garnibirkenau.com\/it\/#organization\"},\"potentialAction\":[{\"@type\":\"SearchAction\",\"target\":{\"@type\":\"EntryPoint\",\"urlTemplate\":\"https:\/\/garnibirkenau.com\/it\/?s={search_term_string}\"},\"query-input\":{\"@type\":\"PropertyValueSpecification\",\"valueRequired\":true,\"valueName\":\"search_term_string\"}}],\"inLanguage\":\"it-IT\"},{\"@type\":\"Organization\",\"@id\":\"https:\/\/garnibirkenau.com\/it\/#organization\",\"name\":\"Garni Birkenau\",\"url\":\"https:\/\/garnibirkenau.com\/it\/\",\"logo\":{\"@type\":\"ImageObject\",\"inLanguage\":\"it-IT\",\"@id\":\"https:\/\/garnibirkenau.com\/it\/#\/schema\/logo\/image\/\",\"url\":\"https:\/\/garnibirkenau.com\/wp-content\/uploads\/2024\/02\/Logo-Garni-Birkenau-2x.png\",\"contentUrl\":\"https:\/\/garnibirkenau.com\/wp-content\/uploads\/2024\/02\/Logo-Garni-Birkenau-2x.png\",\"width\":700,\"height\":309,\"caption\":\"Garni Birkenau\"},\"image\":{\"@id\":\"https:\/\/garnibirkenau.com\/it\/#\/schema\/logo\/image\/\"}}]}<\/script>\n<!-- \/ Yoast SEO plugin. -->","yoast_head_json":{"title":"San Martino in Passeier - Garni Birkenau","description":"San Martino, piccolo comune della splendida regione di Merano, ospita circa 3.235 abitanti e si trova a 16 chilometri da Merano.","robots":{"index":"index","follow":"follow","max-snippet":"max-snippet:-1","max-image-preview":"max-image-preview:large","max-video-preview":"max-video-preview:-1"},"canonical":"https:\/\/garnibirkenau.com\/it\/dintorni\/san-martino\/","og_locale":"it_IT","og_type":"article","og_title":"San Martino in Passeier - Garni Birkenau","og_description":"San Martino, piccolo comune della splendida regione di Merano, ospita circa 3.235 abitanti e si trova a 16 chilometri da Merano.","og_url":"https:\/\/garnibirkenau.com\/it\/dintorni\/san-martino\/","og_site_name":"Garni Birkenau","article_modified_time":"2024-05-16T07:27:05+00:00","og_image":[{"width":1920,"height":1280,"url":"https:\/\/garnibirkenau.com\/wp-content\/uploads\/2024\/02\/Garni-Birkenau-02.jpg","type":"image\/jpeg"}],"twitter_card":"summary_large_image","twitter_misc":{"Tempo di lettura stimato":"4 minuti"},"schema":{"@context":"https:\/\/schema.org","@graph":[{"@type":"WebPage","@id":"https:\/\/garnibirkenau.com\/it\/dintorni\/san-martino\/","url":"https:\/\/garnibirkenau.com\/it\/dintorni\/san-martino\/","name":"San Martino in Passeier - Garni Birkenau","isPartOf":{"@id":"https:\/\/garnibirkenau.com\/it\/#website"},"datePublished":"2024-03-20T09:54:22+00:00","dateModified":"2024-05-16T07:27:05+00:00","description":"San Martino, piccolo comune della splendida regione di Merano, ospita circa 3.235 abitanti e si trova a 16 chilometri da Merano.","breadcrumb":{"@id":"https:\/\/garnibirkenau.com\/it\/dintorni\/san-martino\/#breadcrumb"},"inLanguage":"it-IT","potentialAction":[{"@type":"ReadAction","target":["https:\/\/garnibirkenau.com\/it\/dintorni\/san-martino\/"]}]},{"@type":"BreadcrumbList","@id":"https:\/\/garnibirkenau.com\/it\/dintorni\/san-martino\/#breadcrumb","itemListElement":[{"@type":"ListItem","position":1,"name":"Startseite","item":"https:\/\/garnibirkenau.com\/it\/"},{"@type":"ListItem","position":2,"name":"Dintorni","item":"https:\/\/garnibirkenau.com\/it\/dintorni\/"},{"@type":"ListItem","position":3,"name":"San Martino"}]},{"@type":"WebSite","@id":"https:\/\/garnibirkenau.com\/it\/#website","url":"https:\/\/garnibirkenau.com\/it\/","name":"Garni Birkenau","description":"Appartements - Ferienwohnungen - Zimmer","publisher":{"@id":"https:\/\/garnibirkenau.com\/it\/#organization"},"potentialAction":[{"@type":"SearchAction","target":{"@type":"EntryPoint","urlTemplate":"https:\/\/garnibirkenau.com\/it\/?s={search_term_string}"},"query-input":{"@type":"PropertyValueSpecification","valueRequired":true,"valueName":"search_term_string"}}],"inLanguage":"it-IT"},{"@type":"Organization","@id":"https:\/\/garnibirkenau.com\/it\/#organization","name":"Garni Birkenau","url":"https:\/\/garnibirkenau.com\/it\/","logo":{"@type":"ImageObject","inLanguage":"it-IT","@id":"https:\/\/garnibirkenau.com\/it\/#\/schema\/logo\/image\/","url":"https:\/\/garnibirkenau.com\/wp-content\/uploads\/2024\/02\/Logo-Garni-Birkenau-2x.png","contentUrl":"https:\/\/garnibirkenau.com\/wp-content\/uploads\/2024\/02\/Logo-Garni-Birkenau-2x.png","width":700,"height":309,"caption":"Garni Birkenau"},"image":{"@id":"https:\/\/garnibirkenau.com\/it\/#\/schema\/logo\/image\/"}}]}},"_links":{"self":[{"href":"https:\/\/garnibirkenau.com\/it\/wp-json\/wp\/v2\/pages\/2257","targetHints":{"allow":["GET"]}}],"collection":[{"href":"https:\/\/garnibirkenau.com\/it\/wp-json\/wp\/v2\/pages"}],"about":[{"href":"https:\/\/garnibirkenau.com\/it\/wp-json\/wp\/v2\/types\/page"}],"author":[{"embeddable":true,"href":"https:\/\/garnibirkenau.com\/it\/wp-json\/wp\/v2\/users\/2"}],"replies":[{"embeddable":true,"href":"https:\/\/garnibirkenau.com\/it\/wp-json\/wp\/v2\/comments?post=2257"}],"version-history":[{"count":5,"href":"https:\/\/garnibirkenau.com\/it\/wp-json\/wp\/v2\/pages\/2257\/revisions"}],"predecessor-version":[{"id":2424,"href":"https:\/\/garnibirkenau.com\/it\/wp-json\/wp\/v2\/pages\/2257\/revisions\/2424"}],"up":[{"embeddable":true,"href":"https:\/\/garnibirkenau.com\/it\/wp-json\/wp\/v2\/pages\/2245"}],"wp:attachment":[{"href":"https:\/\/garnibirkenau.com\/it\/wp-json\/wp\/v2\/media?parent=2257"}],"curies":[{"name":"wp","href":"https:\/\/api.w.org\/{rel}","templated":true}]}}