{"id":2251,"date":"2024-03-20T11:03:48","date_gmt":"2024-03-20T10:03:48","guid":{"rendered":"https:\/\/garnibirkenau.com\/umgebung\/motorrad\/"},"modified":"2024-05-16T09:24:43","modified_gmt":"2024-05-16T07:24:43","slug":"motocicletta","status":"publish","type":"page","link":"https:\/\/garnibirkenau.com\/it\/dintorni\/motocicletta\/","title":{"rendered":"Motocicletta"},"content":{"rendered":"[vc_row type=&#8221;full_width_background&#8221; full_screen_row_position=&#8221;middle&#8221; column_margin=&#8221;none&#8221; column_direction=&#8221;default&#8221; column_direction_tablet=&#8221;default&#8221; column_direction_phone=&#8221;default&#8221; bg_color=&#8221;#e4ded5&#8243; scene_position=&#8221;center&#8221; top_padding=&#8221;2%&#8221; top_padding_tablet=&#8221;7%&#8221; bottom_padding_tablet=&#8221;10%&#8221; text_color=&#8221;custom&#8221; custom_text_color=&#8221;#d4c0ff&#8221; text_align=&#8221;left&#8221; row_border_radius=&#8221;none&#8221; row_border_radius_applies=&#8221;bg&#8221; overflow=&#8221;visible&#8221; overlay_strength=&#8221;0.3&#8243; gradient_direction=&#8221;left_to_right&#8221; enable_shape_divider=&#8221;true&#8221; shape_divider_color=&#8221;#ffffff&#8221; shape_divider_position=&#8221;bottom&#8221; shape_divider_height=&#8221;50%&#8221; bg_image_animation=&#8221;none&#8221; shape_type=&#8221;straight_section&#8221; gradient_type=&#8221;default&#8221;][vc_column column_padding=&#8221;no-extra-padding&#8221; column_padding_tablet=&#8221;inherit&#8221; column_padding_phone=&#8221;inherit&#8221; column_padding_position=&#8221;all&#8221; column_element_direction_desktop=&#8221;default&#8221; column_element_spacing=&#8221;default&#8221; desktop_text_alignment=&#8221;default&#8221; tablet_text_alignment=&#8221;default&#8221; phone_text_alignment=&#8221;default&#8221; background_color_opacity=&#8221;1&#8243; background_hover_color_opacity=&#8221;1&#8243; column_backdrop_filter=&#8221;none&#8221; column_shadow=&#8221;none&#8221; column_border_radius=&#8221;none&#8221; column_link_target=&#8221;_self&#8221; column_position=&#8221;default&#8221; gradient_direction=&#8221;left_to_right&#8221; overlay_strength=&#8221;0.3&#8243; width=&#8221;1\/1&#8243; tablet_width_inherit=&#8221;default&#8221; animation_type=&#8221;default&#8221; bg_image_animation=&#8221;none&#8221; border_type=&#8221;simple&#8221; column_border_width=&#8221;none&#8221; column_border_style=&#8221;solid&#8221;][carousel script=&#8221;simple_slider&#8221; simple_slider_sizing=&#8221;aspect_ratio&#8221; simple_slider_aspect_ratio=&#8221;2-1&#8243; simple_slider_transition_type=&#8221;slide&#8221; simple_slider_parallax=&#8221;true&#8221; simple_slider_min_height=&#8221;575&#8243;][item simple_slider_bg_image_url=&#8221;310&#8243; simple_slider_bg_image_position=&#8221;center-center&#8221; simple_slider_font_color=&#8221;#ffffff&#8221; simple_slider_overlay_strength=&#8221;0.3&#8243; simple_slider_bg_image_loading=&#8221;default&#8221; simple_slider_gradient_direction=&#8221;left_to_right&#8221; bg_image_url=&#8221;&#8221; bg_image_position=&#8221;default&#8221; image_url=&#8221;&#8221; id=&#8221;1715843623256-4&#8243; title=&#8221;Item&#8221; tab_id=&#8221;1715843623256-8&#8243;][vc_column_text][\/vc_column_text][\/item][\/carousel][\/vc_column][\/vc_row][vc_row type=&#8221;in_container&#8221; full_screen_row_position=&#8221;middle&#8221; column_margin=&#8221;default&#8221; column_direction=&#8221;default&#8221; column_direction_tablet=&#8221;default&#8221; column_direction_phone=&#8221;default&#8221; scene_position=&#8221;center&#8221; top_padding=&#8221;3%&#8221; constrain_group_1=&#8221;yes&#8221; bottom_padding=&#8221;3%&#8221; text_color=&#8221;dark&#8221; text_align=&#8221;left&#8221; row_border_radius=&#8221;none&#8221; row_border_radius_applies=&#8221;bg&#8221; overflow=&#8221;visible&#8221; overlay_strength=&#8221;0.3&#8243; gradient_direction=&#8221;left_to_right&#8221; shape_divider_position=&#8221;bottom&#8221; bg_image_animation=&#8221;none&#8221; gradient_type=&#8221;default&#8221; shape_type=&#8221;&#8221;][vc_column column_padding=&#8221;no-extra-padding&#8221; column_padding_tablet=&#8221;inherit&#8221; column_padding_phone=&#8221;inherit&#8221; column_padding_position=&#8221;all&#8221; column_element_direction_desktop=&#8221;default&#8221; column_element_spacing=&#8221;default&#8221; desktop_text_alignment=&#8221;default&#8221; tablet_text_alignment=&#8221;default&#8221; phone_text_alignment=&#8221;default&#8221; background_color_opacity=&#8221;1&#8243; background_hover_color_opacity=&#8221;1&#8243; column_backdrop_filter=&#8221;none&#8221; column_shadow=&#8221;none&#8221; column_border_radius=&#8221;none&#8221; column_link_target=&#8221;_self&#8221; column_position=&#8221;default&#8221; gradient_direction=&#8221;left_to_right&#8221; overlay_strength=&#8221;0.3&#8243; width=&#8221;5\/6&#8243; tablet_width_inherit=&#8221;default&#8221; animation_type=&#8221;default&#8221; bg_image_animation=&#8221;none&#8221; border_type=&#8221;simple&#8221; column_border_width=&#8221;none&#8221; column_border_style=&#8221;solid&#8221;][vc_column_text css=&#8221;&#8221; text_direction=&#8221;default&#8221;]\n<h1 class=\"p1\">In moto a San Martino e dintorni<\/h1>\n[divider line_type=&#8221;no-line&#8221; custom_height=&#8221;30&#8243;]\n<p>Anche i motociclisti si sentono a casa in Alto Adige e in particolare negli hotel per motociclisti, come il Garni Birkenau. Il Garni Birkenau offre un garage per moto sicuro e chiuso. Naturalmente, per i giorni senza moto, \u00e8 previsto un programma a cui \u00e8 possibile partecipare con piacere.<\/p>\n<p>Il Passo del Rombo e il Passo di Monte Giovo sono due passi particolarmente amati dai motociclisti. Il Passo del Rombo \u00e8 un passo tra Austria e Italia, situato a circa 2.500 metri di altitudine. La strada di alta montagna con le sue innumerevoli serpentine \u00e8 apprezzata sia dai motociclisti che dai corridori ciclisti.<\/p>\n<p>Sul Passo di Monte Giovo si incontrano molti motociclisti. Il tratto pi\u00f9 alto del Passo di Monte Giovo \u00e8 lungo circa 31 chilometri e offre un paesaggio di particolare fascino. Mentre a nord si ammirano le Alpi &#8220;\u00d6tztal&#8221;, a sud si scorgono le Alpi Sarentine. Il giro del Passo di Monte Giovo \u00e8 una delle pi\u00f9 amate escursioni in moto dell&#8217;Alto Adige, perch\u00e9 non offre solo un&#8217;imponente scenografia naturale e numerose curve strette, ma anche molte possibilit\u00e0 di sosta. Il punto di partenza del tour \u00e8 l&#8217;antico borgo medievale di Vipiteno; da qui si procede verso il Passo di Pennes; a 2.211 metri, il punto pi\u00f9 alto del tour. La citt\u00e0 capoluogo dell&#8217;Alto Adige, Bolzano, viene attraversata lungo il percorso, cos\u00ec come Merano e San Leonardo.<\/p>\n<p>L&#8217;Albergo Garni Birkenau offre un punto di partenza ideale per il vostro tour in moto. Da San Martino, \u00e8 possibile raggiungere in una giornata molti altri passi alpini pieni di curve.<\/p>\n<p>Siamo sempre a vostra disposizione per ulteriori domande. Basta compilare il nostro <a href=\"https:\/\/garnibirkenau.com\/it\/contatto\/\">modulo di contatto<\/a> o chiamarci al numero 0039 0473 641233.[\/vc_column_text][\/vc_column][vc_column column_padding=&#8221;no-extra-padding&#8221; column_padding_tablet=&#8221;inherit&#8221; column_padding_phone=&#8221;inherit&#8221; column_padding_position=&#8221;all&#8221; column_element_direction_desktop=&#8221;default&#8221; column_element_spacing=&#8221;default&#8221; desktop_text_alignment=&#8221;default&#8221; tablet_text_alignment=&#8221;default&#8221; phone_text_alignment=&#8221;default&#8221; background_color_opacity=&#8221;1&#8243; background_hover_color_opacity=&#8221;1&#8243; column_backdrop_filter=&#8221;none&#8221; column_shadow=&#8221;none&#8221; column_border_radius=&#8221;none&#8221; column_link_target=&#8221;_self&#8221; column_position=&#8221;default&#8221; gradient_direction=&#8221;left_to_right&#8221; overlay_strength=&#8221;0.3&#8243; width=&#8221;1\/6&#8243; tablet_width_inherit=&#8221;default&#8221; animation_type=&#8221;default&#8221; bg_image_animation=&#8221;none&#8221; border_type=&#8221;simple&#8221; column_border_width=&#8221;none&#8221; column_border_style=&#8221;solid&#8221;][\/vc_column][\/vc_row][vc_row type=&#8221;in_container&#8221; full_screen_row_position=&#8221;middle&#8221; column_margin=&#8221;default&#8221; column_direction=&#8221;default&#8221; column_direction_tablet=&#8221;default&#8221; column_direction_phone=&#8221;default&#8221; scene_position=&#8221;center&#8221; text_color=&#8221;dark&#8221; text_align=&#8221;left&#8221; row_border_radius=&#8221;none&#8221; row_border_radius_applies=&#8221;bg&#8221; overflow=&#8221;visible&#8221; overlay_strength=&#8221;0.3&#8243; gradient_direction=&#8221;left_to_right&#8221; shape_divider_position=&#8221;bottom&#8221; bg_image_animation=&#8221;none&#8221;][vc_column column_padding=&#8221;no-extra-padding&#8221; column_padding_tablet=&#8221;inherit&#8221; column_padding_phone=&#8221;inherit&#8221; column_padding_position=&#8221;all&#8221; column_element_direction_desktop=&#8221;default&#8221; column_element_spacing=&#8221;default&#8221; desktop_text_alignment=&#8221;default&#8221; tablet_text_alignment=&#8221;default&#8221; phone_text_alignment=&#8221;default&#8221; background_color_opacity=&#8221;1&#8243; background_hover_color_opacity=&#8221;1&#8243; column_backdrop_filter=&#8221;none&#8221; column_shadow=&#8221;none&#8221; column_border_radius=&#8221;none&#8221; column_link_target=&#8221;_self&#8221; column_position=&#8221;default&#8221; gradient_direction=&#8221;left_to_right&#8221; overlay_strength=&#8221;0.3&#8243; width=&#8221;1\/1&#8243; tablet_width_inherit=&#8221;default&#8221; animation_type=&#8221;default&#8221; bg_image_animation=&#8221;none&#8221; border_type=&#8221;simple&#8221; column_border_width=&#8221;none&#8221; column_border_style=&#8221;solid&#8221;][nectar_global_section id=&#8221;2332&#8243;][\/vc_column][\/vc_row]\n","protected":false},"excerpt":{"rendered":"<p>[vc_row type=&#8221;full_width_background&#8221; full_screen_row_position=&#8221;middle&#8221; column_margin=&#8221;none&#8221; column_direction=&#8221;default&#8221; column_direction_tablet=&#8221;default&#8221; column_direction_phone=&#8221;default&#8221; bg_color=&#8221;#e4ded5&#8243; scene_position=&#8221;center&#8221; top_padding=&#8221;2%&#8221; top_padding_tablet=&#8221;7%&#8221; bottom_padding_tablet=&#8221;10%&#8221; text_color=&#8221;custom&#8221; custom_text_color=&#8221;#d4c0ff&#8221; text_align=&#8221;left&#8221; row_border_radius=&#8221;none&#8221; row_border_radius_applies=&#8221;bg&#8221; overflow=&#8221;visible&#8221; overlay_strength=&#8221;0.3&#8243; gradient_direction=&#8221;left_to_right&#8221; enable_shape_divider=&#8221;true&#8221; shape_divider_color=&#8221;#ffffff&#8221; shape_divider_position=&#8221;bottom&#8221; shape_divider_height=&#8221;50%&#8221; bg_image_animation=&#8221;none&#8221; shape_type=&#8221;straight_section&#8221; gradient_type=&#8221;default&#8221;][vc_column column_padding=&#8221;no-extra-padding&#8221; column_padding_tablet=&#8221;inherit&#8221; column_padding_phone=&#8221;inherit&#8221;&#8230;<\/p>\n","protected":false},"author":2,"featured_media":0,"parent":2245,"menu_order":0,"comment_status":"closed","ping_status":"closed","template":"","meta":{"footnotes":""},"class_list":["post-2251","page","type-page","status-publish"],"yoast_head":"<!-- This site is optimized with the Yoast SEO plugin v27.2 - https:\/\/yoast.com\/product\/yoast-seo-wordpress\/ -->\n<title>Motocicletta - Garni Birkenau<\/title>\n<meta name=\"description\" content=\"Anche i motociclisti si sentono a casa in Alto Adige e soprattutto negli hotel per motociclisti, come il Garni Birkenau.\" \/>\n<meta name=\"robots\" content=\"index, follow, max-snippet:-1, max-image-preview:large, max-video-preview:-1\" \/>\n<link rel=\"canonical\" href=\"https:\/\/garnibirkenau.com\/it\/dintorni\/motocicletta\/\" \/>\n<meta property=\"og:locale\" content=\"it_IT\" \/>\n<meta property=\"og:type\" content=\"article\" \/>\n<meta property=\"og:title\" content=\"Motocicletta - Garni Birkenau\" \/>\n<meta property=\"og:description\" content=\"Anche i motociclisti si sentono a casa in Alto Adige e soprattutto negli hotel per motociclisti, come il Garni Birkenau.\" \/>\n<meta property=\"og:url\" content=\"https:\/\/garnibirkenau.com\/it\/dintorni\/motocicletta\/\" \/>\n<meta property=\"og:site_name\" content=\"Garni Birkenau\" \/>\n<meta property=\"article:modified_time\" content=\"2024-05-16T07:24:43+00:00\" \/>\n<meta property=\"og:image\" content=\"https:\/\/garnibirkenau.com\/wp-content\/uploads\/2024\/02\/Garni-Birkenau-02.jpg\" \/>\n\t<meta property=\"og:image:width\" content=\"1920\" \/>\n\t<meta property=\"og:image:height\" content=\"1280\" \/>\n\t<meta property=\"og:image:type\" content=\"image\/jpeg\" \/>\n<meta name=\"twitter:card\" content=\"summary_large_image\" \/>\n<meta name=\"twitter:label1\" content=\"Tempo di lettura stimato\" \/>\n\t<meta name=\"twitter:data1\" content=\"3 minuti\" \/>\n<script type=\"application\/ld+json\" class=\"yoast-schema-graph\">{\"@context\":\"https:\/\/schema.org\",\"@graph\":[{\"@type\":\"WebPage\",\"@id\":\"https:\/\/garnibirkenau.com\/it\/dintorni\/motocicletta\/\",\"url\":\"https:\/\/garnibirkenau.com\/it\/dintorni\/motocicletta\/\",\"name\":\"Motocicletta - Garni Birkenau\",\"isPartOf\":{\"@id\":\"https:\/\/garnibirkenau.com\/it\/#website\"},\"datePublished\":\"2024-03-20T10:03:48+00:00\",\"dateModified\":\"2024-05-16T07:24:43+00:00\",\"description\":\"Anche i motociclisti si sentono a casa in Alto Adige e soprattutto negli hotel per motociclisti, come il Garni Birkenau.\",\"breadcrumb\":{\"@id\":\"https:\/\/garnibirkenau.com\/it\/dintorni\/motocicletta\/#breadcrumb\"},\"inLanguage\":\"it-IT\",\"potentialAction\":[{\"@type\":\"ReadAction\",\"target\":[\"https:\/\/garnibirkenau.com\/it\/dintorni\/motocicletta\/\"]}]},{\"@type\":\"BreadcrumbList\",\"@id\":\"https:\/\/garnibirkenau.com\/it\/dintorni\/motocicletta\/#breadcrumb\",\"itemListElement\":[{\"@type\":\"ListItem\",\"position\":1,\"name\":\"Startseite\",\"item\":\"https:\/\/garnibirkenau.com\/it\/\"},{\"@type\":\"ListItem\",\"position\":2,\"name\":\"Dintorni\",\"item\":\"https:\/\/garnibirkenau.com\/it\/dintorni\/\"},{\"@type\":\"ListItem\",\"position\":3,\"name\":\"Motocicletta\"}]},{\"@type\":\"WebSite\",\"@id\":\"https:\/\/garnibirkenau.com\/it\/#website\",\"url\":\"https:\/\/garnibirkenau.com\/it\/\",\"name\":\"Garni Birkenau\",\"description\":\"Appartements - Ferienwohnungen - Zimmer\",\"publisher\":{\"@id\":\"https:\/\/garnibirkenau.com\/it\/#organization\"},\"potentialAction\":[{\"@type\":\"SearchAction\",\"target\":{\"@type\":\"EntryPoint\",\"urlTemplate\":\"https:\/\/garnibirkenau.com\/it\/?s={search_term_string}\"},\"query-input\":{\"@type\":\"PropertyValueSpecification\",\"valueRequired\":true,\"valueName\":\"search_term_string\"}}],\"inLanguage\":\"it-IT\"},{\"@type\":\"Organization\",\"@id\":\"https:\/\/garnibirkenau.com\/it\/#organization\",\"name\":\"Garni Birkenau\",\"url\":\"https:\/\/garnibirkenau.com\/it\/\",\"logo\":{\"@type\":\"ImageObject\",\"inLanguage\":\"it-IT\",\"@id\":\"https:\/\/garnibirkenau.com\/it\/#\/schema\/logo\/image\/\",\"url\":\"https:\/\/garnibirkenau.com\/wp-content\/uploads\/2024\/02\/Logo-Garni-Birkenau-2x.png\",\"contentUrl\":\"https:\/\/garnibirkenau.com\/wp-content\/uploads\/2024\/02\/Logo-Garni-Birkenau-2x.png\",\"width\":700,\"height\":309,\"caption\":\"Garni Birkenau\"},\"image\":{\"@id\":\"https:\/\/garnibirkenau.com\/it\/#\/schema\/logo\/image\/\"}}]}<\/script>\n<!-- \/ Yoast SEO plugin. -->","yoast_head_json":{"title":"Motocicletta - Garni Birkenau","description":"Anche i motociclisti si sentono a casa in Alto Adige e soprattutto negli hotel per motociclisti, come il Garni Birkenau.","robots":{"index":"index","follow":"follow","max-snippet":"max-snippet:-1","max-image-preview":"max-image-preview:large","max-video-preview":"max-video-preview:-1"},"canonical":"https:\/\/garnibirkenau.com\/it\/dintorni\/motocicletta\/","og_locale":"it_IT","og_type":"article","og_title":"Motocicletta - Garni Birkenau","og_description":"Anche i motociclisti si sentono a casa in Alto Adige e soprattutto negli hotel per motociclisti, come il Garni Birkenau.","og_url":"https:\/\/garnibirkenau.com\/it\/dintorni\/motocicletta\/","og_site_name":"Garni Birkenau","article_modified_time":"2024-05-16T07:24:43+00:00","og_image":[{"width":1920,"height":1280,"url":"https:\/\/garnibirkenau.com\/wp-content\/uploads\/2024\/02\/Garni-Birkenau-02.jpg","type":"image\/jpeg"}],"twitter_card":"summary_large_image","twitter_misc":{"Tempo di lettura stimato":"3 minuti"},"schema":{"@context":"https:\/\/schema.org","@graph":[{"@type":"WebPage","@id":"https:\/\/garnibirkenau.com\/it\/dintorni\/motocicletta\/","url":"https:\/\/garnibirkenau.com\/it\/dintorni\/motocicletta\/","name":"Motocicletta - Garni Birkenau","isPartOf":{"@id":"https:\/\/garnibirkenau.com\/it\/#website"},"datePublished":"2024-03-20T10:03:48+00:00","dateModified":"2024-05-16T07:24:43+00:00","description":"Anche i motociclisti si sentono a casa in Alto Adige e soprattutto negli hotel per motociclisti, come il Garni Birkenau.","breadcrumb":{"@id":"https:\/\/garnibirkenau.com\/it\/dintorni\/motocicletta\/#breadcrumb"},"inLanguage":"it-IT","potentialAction":[{"@type":"ReadAction","target":["https:\/\/garnibirkenau.com\/it\/dintorni\/motocicletta\/"]}]},{"@type":"BreadcrumbList","@id":"https:\/\/garnibirkenau.com\/it\/dintorni\/motocicletta\/#breadcrumb","itemListElement":[{"@type":"ListItem","position":1,"name":"Startseite","item":"https:\/\/garnibirkenau.com\/it\/"},{"@type":"ListItem","position":2,"name":"Dintorni","item":"https:\/\/garnibirkenau.com\/it\/dintorni\/"},{"@type":"ListItem","position":3,"name":"Motocicletta"}]},{"@type":"WebSite","@id":"https:\/\/garnibirkenau.com\/it\/#website","url":"https:\/\/garnibirkenau.com\/it\/","name":"Garni Birkenau","description":"Appartements - Ferienwohnungen - Zimmer","publisher":{"@id":"https:\/\/garnibirkenau.com\/it\/#organization"},"potentialAction":[{"@type":"SearchAction","target":{"@type":"EntryPoint","urlTemplate":"https:\/\/garnibirkenau.com\/it\/?s={search_term_string}"},"query-input":{"@type":"PropertyValueSpecification","valueRequired":true,"valueName":"search_term_string"}}],"inLanguage":"it-IT"},{"@type":"Organization","@id":"https:\/\/garnibirkenau.com\/it\/#organization","name":"Garni Birkenau","url":"https:\/\/garnibirkenau.com\/it\/","logo":{"@type":"ImageObject","inLanguage":"it-IT","@id":"https:\/\/garnibirkenau.com\/it\/#\/schema\/logo\/image\/","url":"https:\/\/garnibirkenau.com\/wp-content\/uploads\/2024\/02\/Logo-Garni-Birkenau-2x.png","contentUrl":"https:\/\/garnibirkenau.com\/wp-content\/uploads\/2024\/02\/Logo-Garni-Birkenau-2x.png","width":700,"height":309,"caption":"Garni Birkenau"},"image":{"@id":"https:\/\/garnibirkenau.com\/it\/#\/schema\/logo\/image\/"}}]}},"_links":{"self":[{"href":"https:\/\/garnibirkenau.com\/it\/wp-json\/wp\/v2\/pages\/2251","targetHints":{"allow":["GET"]}}],"collection":[{"href":"https:\/\/garnibirkenau.com\/it\/wp-json\/wp\/v2\/pages"}],"about":[{"href":"https:\/\/garnibirkenau.com\/it\/wp-json\/wp\/v2\/types\/page"}],"author":[{"embeddable":true,"href":"https:\/\/garnibirkenau.com\/it\/wp-json\/wp\/v2\/users\/2"}],"replies":[{"embeddable":true,"href":"https:\/\/garnibirkenau.com\/it\/wp-json\/wp\/v2\/comments?post=2251"}],"version-history":[{"count":4,"href":"https:\/\/garnibirkenau.com\/it\/wp-json\/wp\/v2\/pages\/2251\/revisions"}],"predecessor-version":[{"id":2422,"href":"https:\/\/garnibirkenau.com\/it\/wp-json\/wp\/v2\/pages\/2251\/revisions\/2422"}],"up":[{"embeddable":true,"href":"https:\/\/garnibirkenau.com\/it\/wp-json\/wp\/v2\/pages\/2245"}],"wp:attachment":[{"href":"https:\/\/garnibirkenau.com\/it\/wp-json\/wp\/v2\/media?parent=2251"}],"curies":[{"name":"wp","href":"https:\/\/api.w.org\/{rel}","templated":true}]}}