{"id":2249,"date":"2024-03-20T11:00:58","date_gmt":"2024-03-20T10:00:58","guid":{"rendered":"https:\/\/garnibirkenau.com\/umgebung\/ausflugsziele\/"},"modified":"2024-05-16T09:01:56","modified_gmt":"2024-05-16T07:01:56","slug":"destinazioni","status":"publish","type":"page","link":"https:\/\/garnibirkenau.com\/it\/dintorni\/destinazioni\/","title":{"rendered":"Destinazioni per escursioni"},"content":{"rendered":"[vc_row type=&#8221;full_width_background&#8221; full_screen_row_position=&#8221;middle&#8221; column_margin=&#8221;none&#8221; column_direction=&#8221;default&#8221; column_direction_tablet=&#8221;default&#8221; column_direction_phone=&#8221;default&#8221; bg_color=&#8221;#e4ded5&#8243; scene_position=&#8221;center&#8221; top_padding=&#8221;2%&#8221; top_padding_tablet=&#8221;7%&#8221; bottom_padding_tablet=&#8221;10%&#8221; text_color=&#8221;custom&#8221; custom_text_color=&#8221;#d4c0ff&#8221; text_align=&#8221;left&#8221; row_border_radius=&#8221;none&#8221; row_border_radius_applies=&#8221;bg&#8221; overflow=&#8221;visible&#8221; overlay_strength=&#8221;0.3&#8243; gradient_direction=&#8221;left_to_right&#8221; enable_shape_divider=&#8221;true&#8221; shape_divider_color=&#8221;#ffffff&#8221; shape_divider_position=&#8221;bottom&#8221; shape_divider_height=&#8221;50%&#8221; bg_image_animation=&#8221;none&#8221; shape_type=&#8221;straight_section&#8221; gradient_type=&#8221;default&#8221;][vc_column column_padding=&#8221;no-extra-padding&#8221; column_padding_tablet=&#8221;inherit&#8221; column_padding_phone=&#8221;inherit&#8221; column_padding_position=&#8221;all&#8221; column_element_direction_desktop=&#8221;default&#8221; column_element_spacing=&#8221;default&#8221; desktop_text_alignment=&#8221;default&#8221; tablet_text_alignment=&#8221;default&#8221; phone_text_alignment=&#8221;default&#8221; background_color_opacity=&#8221;1&#8243; background_hover_color_opacity=&#8221;1&#8243; column_backdrop_filter=&#8221;none&#8221; column_shadow=&#8221;none&#8221; column_border_radius=&#8221;none&#8221; column_link_target=&#8221;_self&#8221; column_position=&#8221;default&#8221; gradient_direction=&#8221;left_to_right&#8221; overlay_strength=&#8221;0.3&#8243; width=&#8221;1\/1&#8243; tablet_width_inherit=&#8221;default&#8221; animation_type=&#8221;default&#8221; bg_image_animation=&#8221;none&#8221; border_type=&#8221;simple&#8221; column_border_width=&#8221;none&#8221; column_border_style=&#8221;solid&#8221;][carousel script=&#8221;simple_slider&#8221; simple_slider_sizing=&#8221;aspect_ratio&#8221; simple_slider_aspect_ratio=&#8221;2-1&#8243; simple_slider_transition_type=&#8221;slide&#8221; simple_slider_parallax=&#8221;true&#8221; simple_slider_min_height=&#8221;575&#8243;][item simple_slider_bg_image_url=&#8221;326&#8243; simple_slider_bg_image_position=&#8221;center-center&#8221; simple_slider_font_color=&#8221;#ffffff&#8221; simple_slider_overlay_strength=&#8221;0.3&#8243; simple_slider_bg_image_loading=&#8221;default&#8221; simple_slider_gradient_direction=&#8221;left_to_right&#8221; bg_image_url=&#8221;&#8221; bg_image_position=&#8221;default&#8221; image_url=&#8221;&#8221; id=&#8221;1715842838774-1&#8243; title=&#8221;Item&#8221; tab_id=&#8221;1715842838775-4&#8243;][vc_column_text][\/vc_column_text][\/item][\/carousel][\/vc_column][\/vc_row][vc_row type=&#8221;in_container&#8221; full_screen_row_position=&#8221;middle&#8221; column_margin=&#8221;default&#8221; column_direction=&#8221;default&#8221; column_direction_tablet=&#8221;default&#8221; column_direction_phone=&#8221;default&#8221; scene_position=&#8221;center&#8221; top_padding=&#8221;3%&#8221; constrain_group_1=&#8221;yes&#8221; bottom_padding=&#8221;3%&#8221; text_color=&#8221;dark&#8221; text_align=&#8221;left&#8221; row_border_radius=&#8221;none&#8221; row_border_radius_applies=&#8221;bg&#8221; overflow=&#8221;visible&#8221; overlay_strength=&#8221;0.3&#8243; gradient_direction=&#8221;left_to_right&#8221; shape_divider_position=&#8221;bottom&#8221; bg_image_animation=&#8221;none&#8221; gradient_type=&#8221;default&#8221; shape_type=&#8221;&#8221;][vc_column column_padding=&#8221;no-extra-padding&#8221; column_padding_tablet=&#8221;inherit&#8221; column_padding_phone=&#8221;inherit&#8221; column_padding_position=&#8221;all&#8221; column_element_direction_desktop=&#8221;default&#8221; column_element_spacing=&#8221;default&#8221; desktop_text_alignment=&#8221;default&#8221; tablet_text_alignment=&#8221;default&#8221; phone_text_alignment=&#8221;default&#8221; background_color_opacity=&#8221;1&#8243; background_hover_color_opacity=&#8221;1&#8243; column_backdrop_filter=&#8221;none&#8221; column_shadow=&#8221;none&#8221; column_border_radius=&#8221;none&#8221; column_link_target=&#8221;_self&#8221; column_position=&#8221;default&#8221; gradient_direction=&#8221;left_to_right&#8221; overlay_strength=&#8221;0.3&#8243; width=&#8221;5\/6&#8243; tablet_width_inherit=&#8221;default&#8221; animation_type=&#8221;default&#8221; bg_image_animation=&#8221;none&#8221; border_type=&#8221;simple&#8221; column_border_width=&#8221;none&#8221; column_border_style=&#8221;solid&#8221;][vc_column_text css=&#8221;&#8221; text_direction=&#8221;default&#8221;]\n<h1 class=\"p1\">Destinazioni per escursioni<\/h1>\n[divider line_type=&#8221;no-line&#8221; custom_height=&#8221;30&#8243;]\n<h3 class=\"p1\">Merano<\/h3>\n<p>La citt\u00e0 di\u00a0<strong>Merano<\/strong>\u00a0\u00e8 una meta privilegiata per una\u00a0<strong>gita giornaliera<\/strong>\u00a0rilassante durante un soggiorno a San Martino. Distante solo circa 16 chilometri, la citt\u00e0 pu\u00f2 essere raggiunta in appena mezz&#8217;ora in macchina. Le\u00a0<strong>terme di Merano<\/strong>\u00a0sono celebri ben oltre i confini nazionali. Tuttavia vi si possono scoprire anche tante altre siti turistici interessanti.<\/p>\n<p>Il\u00a0<strong>Giardino Botanico<\/strong>\u00a0di Merano merita davvero di essere visitato, non solo dagli amanti della botanica. Questo parco \u00e8 meravigliosamente allestito attorno al\u00a0<strong>Castel &#8220;Trauttmansdorff&#8221;<\/strong>\u00a0nella periferia orientale della citt\u00e0. Le\u00a0<strong>quattro aree botaniche distinte<\/strong>\u00a0e i\u00a0<strong>dieci padiglioni d&#8217;artisti<\/strong>\u00a0si annoverano tra le numerose attrazioni dell&#8217;impianto molto frequentato. I piccoli visitatori invece sono entusiastici per le &#8220;stazioni di scoperta&#8221; che arricchiscono il giardino.<\/p>\n<p>Il\u00a0<strong>Museo Archeologico dell&#8217;Alto Adige<\/strong>\u00a0propone ai suoi visitatori un&#8217;attrazione tutto particolare: esibisce l&#8217;Uomo del Similaun (<strong>\u00d6tzi<\/strong>), verosimilmente la pi\u00f9 famosa mummia del mondo. Per millenari il corpo &#8220;dell&#8217;Uomo venuto dal ghiaccio&#8221; si \u00e8 ben conservato ed \u00e8 oggi una delle attrazioni principali dell&#8217;Alto Adige. \u00c8 altrettanto interessante il &#8220;<strong>Messner Mountain Museum<\/strong>&#8220;. Fondato dall&#8217;alpinista Reinhold Messner, il museo consente ai visitatori di familiarizzare con il mondo dell&#8217;alpinismo.<\/p>\n<h3>Bolzano<\/h3>\n<p>La citt\u00e0 di\u00a0<strong>Bolzano<\/strong>, il\u00a0<strong>capoluogo altoatesino<\/strong>, vale senz&#8217;altro la pena di intraprendere una gita giornaliera. Non si dovrebbe perdere l&#8217;occasione di visitare i &#8220;Portici di Bolzano&#8221;. Spesso si chiama Bolzano &#8220;la citt\u00e0 dei contrasti&#8221;. Da un lato si possono scoprire innumerevoli sinuosi vicoli romantici, che invitano a fare una passeggiatina contemplativa. Dall&#8217;altro lato ci sono anche tanti bar e ristoranti, dove ci si pu\u00f2 soffermare. I &#8220;Portici di Bolzano&#8221; sono molto frequentati. Questo quartiere, ricco di negozi e interamente riservato ai pedoni, deve la sua suggestivit\u00e0 innanzitutto alle sue arcate pittoresche.<\/p>\n<h3>Val Gardena<\/h3>\n<p>La Val Gardena ospita un&#8217;altra attrazione dell&#8217;alto Adige: il\u00a0<strong>pi\u00f9 grande presepe del mondo<\/strong>. Oggi vi stanno lavorando sempre 18 intagliatori di legno per ingrandire continuamente il presepe.[\/vc_column_text][\/vc_column][vc_column column_padding=&#8221;no-extra-padding&#8221; column_padding_tablet=&#8221;inherit&#8221; column_padding_phone=&#8221;inherit&#8221; column_padding_position=&#8221;all&#8221; column_element_direction_desktop=&#8221;default&#8221; column_element_spacing=&#8221;default&#8221; desktop_text_alignment=&#8221;default&#8221; tablet_text_alignment=&#8221;default&#8221; phone_text_alignment=&#8221;default&#8221; background_color_opacity=&#8221;1&#8243; background_hover_color_opacity=&#8221;1&#8243; column_backdrop_filter=&#8221;none&#8221; column_shadow=&#8221;none&#8221; column_border_radius=&#8221;none&#8221; column_link_target=&#8221;_self&#8221; column_position=&#8221;default&#8221; gradient_direction=&#8221;left_to_right&#8221; overlay_strength=&#8221;0.3&#8243; width=&#8221;1\/6&#8243; tablet_width_inherit=&#8221;default&#8221; animation_type=&#8221;default&#8221; bg_image_animation=&#8221;none&#8221; border_type=&#8221;simple&#8221; column_border_width=&#8221;none&#8221; column_border_style=&#8221;solid&#8221;][\/vc_column][\/vc_row][vc_row type=&#8221;in_container&#8221; full_screen_row_position=&#8221;middle&#8221; column_margin=&#8221;default&#8221; column_direction=&#8221;default&#8221; column_direction_tablet=&#8221;default&#8221; column_direction_phone=&#8221;default&#8221; scene_position=&#8221;center&#8221; text_color=&#8221;dark&#8221; text_align=&#8221;left&#8221; row_border_radius=&#8221;none&#8221; row_border_radius_applies=&#8221;bg&#8221; overflow=&#8221;visible&#8221; overlay_strength=&#8221;0.3&#8243; gradient_direction=&#8221;left_to_right&#8221; shape_divider_position=&#8221;bottom&#8221; bg_image_animation=&#8221;none&#8221;][vc_column column_padding=&#8221;no-extra-padding&#8221; column_padding_tablet=&#8221;inherit&#8221; column_padding_phone=&#8221;inherit&#8221; column_padding_position=&#8221;all&#8221; column_element_direction_desktop=&#8221;default&#8221; column_element_spacing=&#8221;default&#8221; desktop_text_alignment=&#8221;default&#8221; tablet_text_alignment=&#8221;default&#8221; phone_text_alignment=&#8221;default&#8221; background_color_opacity=&#8221;1&#8243; background_hover_color_opacity=&#8221;1&#8243; column_backdrop_filter=&#8221;none&#8221; column_shadow=&#8221;none&#8221; column_border_radius=&#8221;none&#8221; column_link_target=&#8221;_self&#8221; column_position=&#8221;default&#8221; gradient_direction=&#8221;left_to_right&#8221; overlay_strength=&#8221;0.3&#8243; width=&#8221;1\/1&#8243; tablet_width_inherit=&#8221;default&#8221; animation_type=&#8221;default&#8221; bg_image_animation=&#8221;none&#8221; border_type=&#8221;simple&#8221; column_border_width=&#8221;none&#8221; column_border_style=&#8221;solid&#8221;][nectar_global_section id=&#8221;2332&#8243;][\/vc_column][\/vc_row]\n","protected":false},"excerpt":{"rendered":"<p>[vc_row type=&#8221;full_width_background&#8221; full_screen_row_position=&#8221;middle&#8221; column_margin=&#8221;none&#8221; column_direction=&#8221;default&#8221; column_direction_tablet=&#8221;default&#8221; column_direction_phone=&#8221;default&#8221; bg_color=&#8221;#e4ded5&#8243; scene_position=&#8221;center&#8221; top_padding=&#8221;2%&#8221; top_padding_tablet=&#8221;7%&#8221; bottom_padding_tablet=&#8221;10%&#8221; text_color=&#8221;custom&#8221; custom_text_color=&#8221;#d4c0ff&#8221; text_align=&#8221;left&#8221; row_border_radius=&#8221;none&#8221; row_border_radius_applies=&#8221;bg&#8221; overflow=&#8221;visible&#8221; overlay_strength=&#8221;0.3&#8243; gradient_direction=&#8221;left_to_right&#8221; enable_shape_divider=&#8221;true&#8221; shape_divider_color=&#8221;#ffffff&#8221; shape_divider_position=&#8221;bottom&#8221; shape_divider_height=&#8221;50%&#8221; bg_image_animation=&#8221;none&#8221; shape_type=&#8221;straight_section&#8221; gradient_type=&#8221;default&#8221;][vc_column column_padding=&#8221;no-extra-padding&#8221; column_padding_tablet=&#8221;inherit&#8221; column_padding_phone=&#8221;inherit&#8221;&#8230;<\/p>\n","protected":false},"author":2,"featured_media":0,"parent":2245,"menu_order":0,"comment_status":"closed","ping_status":"closed","template":"","meta":{"footnotes":""},"class_list":["post-2249","page","type-page","status-publish"],"yoast_head":"<!-- This site is optimized with the Yoast SEO plugin v27.2 - https:\/\/yoast.com\/product\/yoast-seo-wordpress\/ -->\n<title>Destinazioni per escursioni - Garni Birkenau<\/title>\n<meta name=\"description\" content=\"La citt\u00e0 di Merano \u00e8 una meta popolare per gite di un giorno, dove si possono scoprire le famose terme di Merano e il giardino botanico.\" \/>\n<meta name=\"robots\" content=\"index, follow, max-snippet:-1, max-image-preview:large, max-video-preview:-1\" \/>\n<link rel=\"canonical\" href=\"https:\/\/garnibirkenau.com\/it\/dintorni\/destinazioni\/\" \/>\n<meta property=\"og:locale\" content=\"it_IT\" \/>\n<meta property=\"og:type\" content=\"article\" \/>\n<meta property=\"og:title\" content=\"Destinazioni per escursioni - Garni Birkenau\" \/>\n<meta property=\"og:description\" content=\"La citt\u00e0 di Merano \u00e8 una meta popolare per gite di un giorno, dove si possono scoprire le famose terme di Merano e il giardino botanico.\" \/>\n<meta property=\"og:url\" content=\"https:\/\/garnibirkenau.com\/it\/dintorni\/destinazioni\/\" \/>\n<meta property=\"og:site_name\" content=\"Garni Birkenau\" \/>\n<meta property=\"article:modified_time\" content=\"2024-05-16T07:01:56+00:00\" \/>\n<meta property=\"og:image\" content=\"https:\/\/garnibirkenau.com\/wp-content\/uploads\/2024\/02\/Garni-Birkenau-02.jpg\" \/>\n\t<meta property=\"og:image:width\" content=\"1920\" \/>\n\t<meta property=\"og:image:height\" content=\"1280\" \/>\n\t<meta property=\"og:image:type\" content=\"image\/jpeg\" \/>\n<meta name=\"twitter:card\" content=\"summary_large_image\" \/>\n<meta name=\"twitter:label1\" content=\"Tempo di lettura stimato\" \/>\n\t<meta name=\"twitter:data1\" content=\"4 minuti\" \/>\n<script type=\"application\/ld+json\" class=\"yoast-schema-graph\">{\"@context\":\"https:\/\/schema.org\",\"@graph\":[{\"@type\":\"WebPage\",\"@id\":\"https:\/\/garnibirkenau.com\/it\/dintorni\/destinazioni\/\",\"url\":\"https:\/\/garnibirkenau.com\/it\/dintorni\/destinazioni\/\",\"name\":\"Destinazioni per escursioni - Garni Birkenau\",\"isPartOf\":{\"@id\":\"https:\/\/garnibirkenau.com\/it\/#website\"},\"datePublished\":\"2024-03-20T10:00:58+00:00\",\"dateModified\":\"2024-05-16T07:01:56+00:00\",\"description\":\"La citt\u00e0 di Merano \u00e8 una meta popolare per gite di un giorno, dove si possono scoprire le famose terme di Merano e il giardino botanico.\",\"breadcrumb\":{\"@id\":\"https:\/\/garnibirkenau.com\/it\/dintorni\/destinazioni\/#breadcrumb\"},\"inLanguage\":\"it-IT\",\"potentialAction\":[{\"@type\":\"ReadAction\",\"target\":[\"https:\/\/garnibirkenau.com\/it\/dintorni\/destinazioni\/\"]}]},{\"@type\":\"BreadcrumbList\",\"@id\":\"https:\/\/garnibirkenau.com\/it\/dintorni\/destinazioni\/#breadcrumb\",\"itemListElement\":[{\"@type\":\"ListItem\",\"position\":1,\"name\":\"Startseite\",\"item\":\"https:\/\/garnibirkenau.com\/it\/\"},{\"@type\":\"ListItem\",\"position\":2,\"name\":\"Dintorni\",\"item\":\"https:\/\/garnibirkenau.com\/it\/dintorni\/\"},{\"@type\":\"ListItem\",\"position\":3,\"name\":\"Destinazioni per escursioni\"}]},{\"@type\":\"WebSite\",\"@id\":\"https:\/\/garnibirkenau.com\/it\/#website\",\"url\":\"https:\/\/garnibirkenau.com\/it\/\",\"name\":\"Garni Birkenau\",\"description\":\"Appartements - Ferienwohnungen - Zimmer\",\"publisher\":{\"@id\":\"https:\/\/garnibirkenau.com\/it\/#organization\"},\"potentialAction\":[{\"@type\":\"SearchAction\",\"target\":{\"@type\":\"EntryPoint\",\"urlTemplate\":\"https:\/\/garnibirkenau.com\/it\/?s={search_term_string}\"},\"query-input\":{\"@type\":\"PropertyValueSpecification\",\"valueRequired\":true,\"valueName\":\"search_term_string\"}}],\"inLanguage\":\"it-IT\"},{\"@type\":\"Organization\",\"@id\":\"https:\/\/garnibirkenau.com\/it\/#organization\",\"name\":\"Garni Birkenau\",\"url\":\"https:\/\/garnibirkenau.com\/it\/\",\"logo\":{\"@type\":\"ImageObject\",\"inLanguage\":\"it-IT\",\"@id\":\"https:\/\/garnibirkenau.com\/it\/#\/schema\/logo\/image\/\",\"url\":\"https:\/\/garnibirkenau.com\/wp-content\/uploads\/2024\/02\/Logo-Garni-Birkenau-2x.png\",\"contentUrl\":\"https:\/\/garnibirkenau.com\/wp-content\/uploads\/2024\/02\/Logo-Garni-Birkenau-2x.png\",\"width\":700,\"height\":309,\"caption\":\"Garni Birkenau\"},\"image\":{\"@id\":\"https:\/\/garnibirkenau.com\/it\/#\/schema\/logo\/image\/\"}}]}<\/script>\n<!-- \/ Yoast SEO plugin. -->","yoast_head_json":{"title":"Destinazioni per escursioni - Garni Birkenau","description":"La citt\u00e0 di Merano \u00e8 una meta popolare per gite di un giorno, dove si possono scoprire le famose terme di Merano e il giardino botanico.","robots":{"index":"index","follow":"follow","max-snippet":"max-snippet:-1","max-image-preview":"max-image-preview:large","max-video-preview":"max-video-preview:-1"},"canonical":"https:\/\/garnibirkenau.com\/it\/dintorni\/destinazioni\/","og_locale":"it_IT","og_type":"article","og_title":"Destinazioni per escursioni - Garni Birkenau","og_description":"La citt\u00e0 di Merano \u00e8 una meta popolare per gite di un giorno, dove si possono scoprire le famose terme di Merano e il giardino botanico.","og_url":"https:\/\/garnibirkenau.com\/it\/dintorni\/destinazioni\/","og_site_name":"Garni Birkenau","article_modified_time":"2024-05-16T07:01:56+00:00","og_image":[{"width":1920,"height":1280,"url":"https:\/\/garnibirkenau.com\/wp-content\/uploads\/2024\/02\/Garni-Birkenau-02.jpg","type":"image\/jpeg"}],"twitter_card":"summary_large_image","twitter_misc":{"Tempo di lettura stimato":"4 minuti"},"schema":{"@context":"https:\/\/schema.org","@graph":[{"@type":"WebPage","@id":"https:\/\/garnibirkenau.com\/it\/dintorni\/destinazioni\/","url":"https:\/\/garnibirkenau.com\/it\/dintorni\/destinazioni\/","name":"Destinazioni per escursioni - Garni Birkenau","isPartOf":{"@id":"https:\/\/garnibirkenau.com\/it\/#website"},"datePublished":"2024-03-20T10:00:58+00:00","dateModified":"2024-05-16T07:01:56+00:00","description":"La citt\u00e0 di Merano \u00e8 una meta popolare per gite di un giorno, dove si possono scoprire le famose terme di Merano e il giardino botanico.","breadcrumb":{"@id":"https:\/\/garnibirkenau.com\/it\/dintorni\/destinazioni\/#breadcrumb"},"inLanguage":"it-IT","potentialAction":[{"@type":"ReadAction","target":["https:\/\/garnibirkenau.com\/it\/dintorni\/destinazioni\/"]}]},{"@type":"BreadcrumbList","@id":"https:\/\/garnibirkenau.com\/it\/dintorni\/destinazioni\/#breadcrumb","itemListElement":[{"@type":"ListItem","position":1,"name":"Startseite","item":"https:\/\/garnibirkenau.com\/it\/"},{"@type":"ListItem","position":2,"name":"Dintorni","item":"https:\/\/garnibirkenau.com\/it\/dintorni\/"},{"@type":"ListItem","position":3,"name":"Destinazioni per escursioni"}]},{"@type":"WebSite","@id":"https:\/\/garnibirkenau.com\/it\/#website","url":"https:\/\/garnibirkenau.com\/it\/","name":"Garni Birkenau","description":"Appartements - Ferienwohnungen - Zimmer","publisher":{"@id":"https:\/\/garnibirkenau.com\/it\/#organization"},"potentialAction":[{"@type":"SearchAction","target":{"@type":"EntryPoint","urlTemplate":"https:\/\/garnibirkenau.com\/it\/?s={search_term_string}"},"query-input":{"@type":"PropertyValueSpecification","valueRequired":true,"valueName":"search_term_string"}}],"inLanguage":"it-IT"},{"@type":"Organization","@id":"https:\/\/garnibirkenau.com\/it\/#organization","name":"Garni Birkenau","url":"https:\/\/garnibirkenau.com\/it\/","logo":{"@type":"ImageObject","inLanguage":"it-IT","@id":"https:\/\/garnibirkenau.com\/it\/#\/schema\/logo\/image\/","url":"https:\/\/garnibirkenau.com\/wp-content\/uploads\/2024\/02\/Logo-Garni-Birkenau-2x.png","contentUrl":"https:\/\/garnibirkenau.com\/wp-content\/uploads\/2024\/02\/Logo-Garni-Birkenau-2x.png","width":700,"height":309,"caption":"Garni Birkenau"},"image":{"@id":"https:\/\/garnibirkenau.com\/it\/#\/schema\/logo\/image\/"}}]}},"_links":{"self":[{"href":"https:\/\/garnibirkenau.com\/it\/wp-json\/wp\/v2\/pages\/2249","targetHints":{"allow":["GET"]}}],"collection":[{"href":"https:\/\/garnibirkenau.com\/it\/wp-json\/wp\/v2\/pages"}],"about":[{"href":"https:\/\/garnibirkenau.com\/it\/wp-json\/wp\/v2\/types\/page"}],"author":[{"embeddable":true,"href":"https:\/\/garnibirkenau.com\/it\/wp-json\/wp\/v2\/users\/2"}],"replies":[{"embeddable":true,"href":"https:\/\/garnibirkenau.com\/it\/wp-json\/wp\/v2\/comments?post=2249"}],"version-history":[{"count":5,"href":"https:\/\/garnibirkenau.com\/it\/wp-json\/wp\/v2\/pages\/2249\/revisions"}],"predecessor-version":[{"id":2419,"href":"https:\/\/garnibirkenau.com\/it\/wp-json\/wp\/v2\/pages\/2249\/revisions\/2419"}],"up":[{"embeddable":true,"href":"https:\/\/garnibirkenau.com\/it\/wp-json\/wp\/v2\/pages\/2245"}],"wp:attachment":[{"href":"https:\/\/garnibirkenau.com\/it\/wp-json\/wp\/v2\/media?parent=2249"}],"curies":[{"name":"wp","href":"https:\/\/api.w.org\/{rel}","templated":true}]}}