{"id":2247,"date":"2024-03-20T11:00:07","date_gmt":"2024-03-20T10:00:07","guid":{"rendered":"https:\/\/garnibirkenau.com\/umgebung\/almen-und-berge\/"},"modified":"2024-05-16T09:13:28","modified_gmt":"2024-05-16T07:13:28","slug":"malghe-montagne","status":"publish","type":"page","link":"https:\/\/garnibirkenau.com\/it\/dintorni\/malghe-montagne\/","title":{"rendered":"Malghe e Montagne"},"content":{"rendered":"[vc_row type=&#8221;full_width_background&#8221; full_screen_row_position=&#8221;middle&#8221; column_margin=&#8221;none&#8221; column_direction=&#8221;default&#8221; column_direction_tablet=&#8221;default&#8221; column_direction_phone=&#8221;default&#8221; bg_color=&#8221;#e4ded5&#8243; scene_position=&#8221;center&#8221; top_padding=&#8221;2%&#8221; top_padding_tablet=&#8221;7%&#8221; bottom_padding_tablet=&#8221;10%&#8221; text_color=&#8221;custom&#8221; custom_text_color=&#8221;#d4c0ff&#8221; text_align=&#8221;left&#8221; row_border_radius=&#8221;none&#8221; row_border_radius_applies=&#8221;bg&#8221; overflow=&#8221;visible&#8221; overlay_strength=&#8221;0.3&#8243; gradient_direction=&#8221;left_to_right&#8221; enable_shape_divider=&#8221;true&#8221; shape_divider_color=&#8221;#ffffff&#8221; shape_divider_position=&#8221;bottom&#8221; shape_divider_height=&#8221;50%&#8221; bg_image_animation=&#8221;none&#8221; shape_type=&#8221;straight_section&#8221; gradient_type=&#8221;default&#8221;][vc_column column_padding=&#8221;no-extra-padding&#8221; column_padding_tablet=&#8221;inherit&#8221; column_padding_phone=&#8221;inherit&#8221; column_padding_position=&#8221;all&#8221; column_element_direction_desktop=&#8221;default&#8221; column_element_spacing=&#8221;default&#8221; desktop_text_alignment=&#8221;default&#8221; tablet_text_alignment=&#8221;default&#8221; phone_text_alignment=&#8221;default&#8221; background_color_opacity=&#8221;1&#8243; background_hover_color_opacity=&#8221;1&#8243; column_backdrop_filter=&#8221;none&#8221; column_shadow=&#8221;none&#8221; column_border_radius=&#8221;none&#8221; column_link_target=&#8221;_self&#8221; column_position=&#8221;default&#8221; gradient_direction=&#8221;left_to_right&#8221; overlay_strength=&#8221;0.3&#8243; width=&#8221;1\/1&#8243; tablet_width_inherit=&#8221;default&#8221; animation_type=&#8221;default&#8221; bg_image_animation=&#8221;none&#8221; border_type=&#8221;simple&#8221; column_border_width=&#8221;none&#8221; column_border_style=&#8221;solid&#8221;][carousel script=&#8221;simple_slider&#8221; simple_slider_sizing=&#8221;aspect_ratio&#8221; simple_slider_aspect_ratio=&#8221;2-1&#8243; simple_slider_transition_type=&#8221;slide&#8221; simple_slider_parallax=&#8221;true&#8221; simple_slider_min_height=&#8221;575&#8243;][item simple_slider_bg_image_url=&#8221;293&#8243; simple_slider_bg_image_position=&#8221;center-center&#8221; simple_slider_font_color=&#8221;#ffffff&#8221; simple_slider_overlay_strength=&#8221;0.3&#8243; simple_slider_bg_image_loading=&#8221;default&#8221; simple_slider_gradient_direction=&#8221;left_to_right&#8221; bg_image_url=&#8221;&#8221; bg_image_position=&#8221;default&#8221; image_url=&#8221;&#8221; id=&#8221;1715843170300-0&#8243; title=&#8221;Item&#8221; tab_id=&#8221;1715843170301-3&#8243;][vc_column_text][\/vc_column_text][\/item][\/carousel][\/vc_column][\/vc_row][vc_row type=&#8221;in_container&#8221; full_screen_row_position=&#8221;middle&#8221; column_margin=&#8221;default&#8221; column_direction=&#8221;default&#8221; column_direction_tablet=&#8221;default&#8221; column_direction_phone=&#8221;default&#8221; scene_position=&#8221;center&#8221; top_padding=&#8221;3%&#8221; bottom_padding=&#8221;3%&#8221; text_color=&#8221;dark&#8221; text_align=&#8221;left&#8221; row_border_radius=&#8221;none&#8221; row_border_radius_applies=&#8221;bg&#8221; overflow=&#8221;visible&#8221; overlay_strength=&#8221;0.3&#8243; gradient_direction=&#8221;left_to_right&#8221; shape_divider_position=&#8221;bottom&#8221; bg_image_animation=&#8221;none&#8221; gradient_type=&#8221;default&#8221; shape_type=&#8221;&#8221;][vc_column column_padding=&#8221;no-extra-padding&#8221; column_padding_tablet=&#8221;inherit&#8221; column_padding_phone=&#8221;inherit&#8221; column_padding_position=&#8221;all&#8221; column_element_direction_desktop=&#8221;default&#8221; column_element_spacing=&#8221;default&#8221; desktop_text_alignment=&#8221;default&#8221; tablet_text_alignment=&#8221;default&#8221; phone_text_alignment=&#8221;default&#8221; background_color_opacity=&#8221;1&#8243; background_hover_color_opacity=&#8221;1&#8243; column_backdrop_filter=&#8221;none&#8221; column_shadow=&#8221;none&#8221; column_border_radius=&#8221;none&#8221; column_link_target=&#8221;_self&#8221; column_position=&#8221;default&#8221; gradient_direction=&#8221;left_to_right&#8221; overlay_strength=&#8221;0.3&#8243; width=&#8221;5\/6&#8243; tablet_width_inherit=&#8221;default&#8221; animation_type=&#8221;default&#8221; bg_image_animation=&#8221;none&#8221; border_type=&#8221;simple&#8221; column_border_width=&#8221;none&#8221; column_border_style=&#8221;solid&#8221;][vc_column_text css=&#8221;&#8221; text_direction=&#8221;default&#8221;]\n<h1><b>Malghe e Montagne<\/b><\/h1>\n[divider line_type=&#8221;no-line&#8221; custom_height=&#8221;30&#8243;]\n<h2>La malga &#8220;Pfandler Alm&#8221; e il sentiero &#8220;Alta Via Passiriana&#8221;<\/h2>\n<p>Nel borgo di\u00a0<strong>San Martino<\/strong>\u00a0ci sono tante cose da scoprire. Per\u00f2, la localit\u00e0 \u00e8 anche un punto di partenza eccellente per intraprendere camminate rilassanti nei dintorni. Partendo da San Martino, si raggiungono facilmente sia la malga &#8220;Pfandler Alm&#8221; che il sentiero\u00a0<strong>escursionistico &#8220;Alta Via di Merano&#8221;<\/strong>. Tutti e due sono &#8220;mete&#8221; ideali per una gita giornaliera. La malga &#8220;Pfandler Alm&#8221; deve la sua celebrit\u00e0 al fatto che il combattente tirolese per la libert\u00e0, Andreas Hofer l\u00ec fu tenuto prigioniere. Oggi non ci si pu\u00f2 soltanto ristorare alla malga assaporando un piatto rustico, ma si pu\u00f2 anche pernottare l\u00ec in alto.<\/p>\n<p>La tappa dalla &#8220;Pfandler Alm&#8221; al &#8220;Rifugio Merano&#8221; \u00e8 una camminata consigliabile. Questo percorso \u00e8 una tappa del\u00a0<strong>sentiero europeo E5<\/strong>\u00a0che porta da Oberstdorf in Germania a Merano. Non si dovrebbe sottovalutare questo tratto. Sin dall&#8217;inizio il viandante deve superare un dislivello di pressoch\u00e9 1.500 metri, partendo a quota 1.350 metri e salendo ad un&#8217;altezza di pi\u00f9 di 2.800 metri. Per\u00f2, scalando la &#8220;Punta Cervina&#8221;, il viandante \u00e8 ricompensato di\u00a0<strong>vedute panoramiche stupende<\/strong>.<\/p>\n<p>&#8220;L&#8217;Alta Via Passiriana&#8221; \u00e8 un percorso altrettanto consigliabile a tutti gli appassionati dell&#8217;escursionismo, essendo considerato a ragione come uno dei pi\u00f9 bei sentieri panoramici dell&#8217;Alto Adige. La localit\u00e0 di San Leonardo \u00e8 il punto di partenza ideale per attaccare questa camminata. Partendo l\u00ec, si sale prima al rifugio &#8220;Flecknerh\u00fctte&#8221;, che si trova ad un&#8217;altitudine di 2.100 metri. Da l\u00ec si prosegue verso il valico &#8220;Glaitner Joch&#8221; godendo di una vista panoramica affascinante sulle Alpi Breonie, sulle Alpi Venoste e sulle Alpi Sarentine.<\/p>\n<p>Nel corso di questa camminata si passa per altri luoghi rimarcabili quali il passo &#8220;<strong>Schlattacher Joch<\/strong>&#8220;, il lago &#8220;<strong>\u00dcbelsee<\/strong>&#8221; e la malga &#8220;<strong>Eggergrubalm<\/strong>&#8220;. Ci vogliono ben cinque ore per fare questa escursione in montagna di media difficolt\u00e0. Ovviamente ci vorr\u00e0 pi\u00f9 tempo, se ci si sofferma ad una malga per ristorarsi.<\/p>\n<h2>Malghe e rifugi attorno a San Martino<\/h2>\n<p>La &#8220;<strong>Pfandler Alm<\/strong>&#8221; \u00e8 la pi\u00f9 conosciuta malga nelle vicinanze di San Martino. Per\u00f2 si possono scoprire tante altre osterie del genere nei dintorni.\u00a0<strong>La trattoria &#8220;Jaufenblick&#8221;<\/strong>, ad esempio, essendo aperta da marzo a ottobre, \u00e8 frequentata da numerosi camminatori. La &#8220;Mahdalm&#8221;, la &#8220;Valseralm&#8221; e l&#8217;osteria &#8220;Naserhof&#8221; sono altre mete popolari nei dintorni di San Martino.<\/p>\n<h2>&#8220;Via dei masi degli scudieri&#8221; in Val Passiria<\/h2>\n<p>La &#8220;<strong>Via dei masi degli scudieri<\/strong>&#8221; in Val Passiria \u00e8 davvero un percorso\u00a0<strong>consigliabile a tutti i visitatori<\/strong>. Attorno al borgo di San Martino si trovano sette di questi cosiddetti &#8220;masi degli scudieri&#8221;. La passeggiata di circa due ore lungo questo percorso circolare \u00e8 piuttosto facile e non pone problemi nemmeno alle persone poco abituate alla camminata. I &#8220;masi degli scudieri&#8221;, in genere costruiti in posizione levata, sono fattorie che sembrano quasi essere fortezze. Con le loro torri avvolte da edera, i loro orologi solari e i loro affreschi sono luoghi tutto particolari.<\/p>\n<h2>La pista ciclabile della Val Passiria<\/h2>\n<p>I dintorni di San Martino non si possono scoprire soltanto a piedi, ma anche in bicicletta. Gli appassionati del ciclismo si trovano infatti bene da noi.\u00a0<strong>La pista ciclabile della Val Passiria<\/strong>\u00a0\u00e8 uno dei percorsi pi\u00f9 conosciuti della regione. \u00c8 ben contrassegnata ed \u00e8 ottimamente praticabile grazie alla copertura di ghiaia su tutta la lunghezza. La pista ciclabile porta dalla bella citt\u00e0 di Merano al paese di San Leonardo. Il percorso di appena 20 chilometri, che attraversa sia la localit\u00e0 di San Martino che la sua frazione di Saltusio, \u00e8 senz&#8217;altro fattibile, persino da ciclisti poco allenati.<\/p>\n<h2>Il Sentiero delle Gole nella Gola di &#8220;Passerschlucht&#8221;<\/h2>\n<p>Tra le maestose pareti rocciose e gli intricati tratti di foresta, un sentiero serpeggia lungo il corso del fiume &#8220;Passer&#8221;, dove le acque impetuose scorrono tra profonde pozze e su rocce sagomate con maestria. Nel corso degli anni, il fiume ha scavato profonde solchi nella roccia, creando formazioni rocciose impressionanti. Questa bellezza naturale \u00e8 stata resa accessibile grazie a un&#8217;impresa ambiziosa: \u00e8 stato creato un sentiero che va da San Leonardo a Moso, attraversando la gola su passerelle, ponti e gradini.<\/p>\n[\/vc_column_text][\/vc_column][vc_column column_padding=&#8221;no-extra-padding&#8221; column_padding_tablet=&#8221;inherit&#8221; column_padding_phone=&#8221;inherit&#8221; column_padding_position=&#8221;all&#8221; column_element_direction_desktop=&#8221;default&#8221; column_element_spacing=&#8221;default&#8221; desktop_text_alignment=&#8221;default&#8221; tablet_text_alignment=&#8221;default&#8221; phone_text_alignment=&#8221;default&#8221; background_color_opacity=&#8221;1&#8243; background_hover_color_opacity=&#8221;1&#8243; column_backdrop_filter=&#8221;none&#8221; column_shadow=&#8221;none&#8221; column_border_radius=&#8221;none&#8221; column_link_target=&#8221;_self&#8221; column_position=&#8221;default&#8221; gradient_direction=&#8221;left_to_right&#8221; overlay_strength=&#8221;0.3&#8243; width=&#8221;1\/6&#8243; tablet_width_inherit=&#8221;default&#8221; animation_type=&#8221;default&#8221; bg_image_animation=&#8221;none&#8221; border_type=&#8221;simple&#8221; column_border_width=&#8221;none&#8221; column_border_style=&#8221;solid&#8221;][\/vc_column][\/vc_row][vc_row type=&#8221;in_container&#8221; full_screen_row_position=&#8221;middle&#8221; column_margin=&#8221;default&#8221; column_direction=&#8221;default&#8221; column_direction_tablet=&#8221;default&#8221; column_direction_phone=&#8221;default&#8221; scene_position=&#8221;center&#8221; text_color=&#8221;dark&#8221; text_align=&#8221;left&#8221; row_border_radius=&#8221;none&#8221; row_border_radius_applies=&#8221;bg&#8221; overflow=&#8221;visible&#8221; overlay_strength=&#8221;0.3&#8243; gradient_direction=&#8221;left_to_right&#8221; shape_divider_position=&#8221;bottom&#8221; bg_image_animation=&#8221;none&#8221;][vc_column column_padding=&#8221;no-extra-padding&#8221; column_padding_tablet=&#8221;inherit&#8221; column_padding_phone=&#8221;inherit&#8221; column_padding_position=&#8221;all&#8221; column_element_direction_desktop=&#8221;default&#8221; column_element_spacing=&#8221;default&#8221; desktop_text_alignment=&#8221;default&#8221; tablet_text_alignment=&#8221;default&#8221; phone_text_alignment=&#8221;default&#8221; background_color_opacity=&#8221;1&#8243; background_hover_color_opacity=&#8221;1&#8243; column_backdrop_filter=&#8221;none&#8221; column_shadow=&#8221;none&#8221; column_border_radius=&#8221;none&#8221; column_link_target=&#8221;_self&#8221; column_position=&#8221;default&#8221; gradient_direction=&#8221;left_to_right&#8221; overlay_strength=&#8221;0.3&#8243; width=&#8221;1\/1&#8243; tablet_width_inherit=&#8221;default&#8221; animation_type=&#8221;default&#8221; bg_image_animation=&#8221;none&#8221; border_type=&#8221;simple&#8221; column_border_width=&#8221;none&#8221; column_border_style=&#8221;solid&#8221;][nectar_global_section id=&#8221;2332&#8243;][\/vc_column][\/vc_row]\n","protected":false},"excerpt":{"rendered":"<p>[vc_row type=&#8221;full_width_background&#8221; full_screen_row_position=&#8221;middle&#8221; column_margin=&#8221;none&#8221; column_direction=&#8221;default&#8221; column_direction_tablet=&#8221;default&#8221; column_direction_phone=&#8221;default&#8221; bg_color=&#8221;#e4ded5&#8243; scene_position=&#8221;center&#8221; top_padding=&#8221;2%&#8221; top_padding_tablet=&#8221;7%&#8221; bottom_padding_tablet=&#8221;10%&#8221; text_color=&#8221;custom&#8221; custom_text_color=&#8221;#d4c0ff&#8221; text_align=&#8221;left&#8221; row_border_radius=&#8221;none&#8221; row_border_radius_applies=&#8221;bg&#8221; overflow=&#8221;visible&#8221; overlay_strength=&#8221;0.3&#8243; gradient_direction=&#8221;left_to_right&#8221; enable_shape_divider=&#8221;true&#8221; shape_divider_color=&#8221;#ffffff&#8221; shape_divider_position=&#8221;bottom&#8221; shape_divider_height=&#8221;50%&#8221; bg_image_animation=&#8221;none&#8221; shape_type=&#8221;straight_section&#8221; gradient_type=&#8221;default&#8221;][vc_column column_padding=&#8221;no-extra-padding&#8221; column_padding_tablet=&#8221;inherit&#8221; column_padding_phone=&#8221;inherit&#8221;&#8230;<\/p>\n","protected":false},"author":2,"featured_media":0,"parent":2245,"menu_order":0,"comment_status":"closed","ping_status":"closed","template":"","meta":{"footnotes":""},"class_list":["post-2247","page","type-page","status-publish"],"yoast_head":"<!-- This site is optimized with the Yoast SEO plugin v27.2 - https:\/\/yoast.com\/product\/yoast-seo-wordpress\/ -->\n<title>Malghe e Montagne - Garni Birkenau<\/title>\n<meta name=\"description\" content=\"La Val Passiria offre qualcosa per tutti con i suoi numerosi sentieri escursionistici, le gole, le piste ciclabili e molto altro ancora.\" \/>\n<meta name=\"robots\" content=\"index, follow, max-snippet:-1, max-image-preview:large, max-video-preview:-1\" \/>\n<link rel=\"canonical\" href=\"https:\/\/garnibirkenau.com\/it\/dintorni\/malghe-montagne\/\" \/>\n<meta property=\"og:locale\" content=\"it_IT\" \/>\n<meta property=\"og:type\" content=\"article\" \/>\n<meta property=\"og:title\" content=\"Malghe e Montagne - Garni Birkenau\" \/>\n<meta property=\"og:description\" content=\"La Val Passiria offre qualcosa per tutti con i suoi numerosi sentieri escursionistici, le gole, le piste ciclabili e molto altro ancora.\" \/>\n<meta property=\"og:url\" content=\"https:\/\/garnibirkenau.com\/it\/dintorni\/malghe-montagne\/\" \/>\n<meta property=\"og:site_name\" content=\"Garni Birkenau\" \/>\n<meta property=\"article:modified_time\" content=\"2024-05-16T07:13:28+00:00\" \/>\n<meta property=\"og:image\" content=\"https:\/\/garnibirkenau.com\/wp-content\/uploads\/2024\/02\/Garni-Birkenau-02.jpg\" \/>\n\t<meta property=\"og:image:width\" content=\"1920\" \/>\n\t<meta property=\"og:image:height\" content=\"1280\" \/>\n\t<meta property=\"og:image:type\" content=\"image\/jpeg\" \/>\n<meta name=\"twitter:card\" content=\"summary_large_image\" \/>\n<meta name=\"twitter:label1\" content=\"Tempo di lettura stimato\" \/>\n\t<meta name=\"twitter:data1\" content=\"5 minuti\" \/>\n<script type=\"application\/ld+json\" class=\"yoast-schema-graph\">{\"@context\":\"https:\/\/schema.org\",\"@graph\":[{\"@type\":\"WebPage\",\"@id\":\"https:\/\/garnibirkenau.com\/it\/dintorni\/malghe-montagne\/\",\"url\":\"https:\/\/garnibirkenau.com\/it\/dintorni\/malghe-montagne\/\",\"name\":\"Malghe e Montagne - Garni Birkenau\",\"isPartOf\":{\"@id\":\"https:\/\/garnibirkenau.com\/it\/#website\"},\"datePublished\":\"2024-03-20T10:00:07+00:00\",\"dateModified\":\"2024-05-16T07:13:28+00:00\",\"description\":\"La Val Passiria offre qualcosa per tutti con i suoi numerosi sentieri escursionistici, le gole, le piste ciclabili e molto altro ancora.\",\"breadcrumb\":{\"@id\":\"https:\/\/garnibirkenau.com\/it\/dintorni\/malghe-montagne\/#breadcrumb\"},\"inLanguage\":\"it-IT\",\"potentialAction\":[{\"@type\":\"ReadAction\",\"target\":[\"https:\/\/garnibirkenau.com\/it\/dintorni\/malghe-montagne\/\"]}]},{\"@type\":\"BreadcrumbList\",\"@id\":\"https:\/\/garnibirkenau.com\/it\/dintorni\/malghe-montagne\/#breadcrumb\",\"itemListElement\":[{\"@type\":\"ListItem\",\"position\":1,\"name\":\"Startseite\",\"item\":\"https:\/\/garnibirkenau.com\/it\/\"},{\"@type\":\"ListItem\",\"position\":2,\"name\":\"Dintorni\",\"item\":\"https:\/\/garnibirkenau.com\/it\/dintorni\/\"},{\"@type\":\"ListItem\",\"position\":3,\"name\":\"Malghe e Montagne\"}]},{\"@type\":\"WebSite\",\"@id\":\"https:\/\/garnibirkenau.com\/it\/#website\",\"url\":\"https:\/\/garnibirkenau.com\/it\/\",\"name\":\"Garni Birkenau\",\"description\":\"Appartements - Ferienwohnungen - Zimmer\",\"publisher\":{\"@id\":\"https:\/\/garnibirkenau.com\/it\/#organization\"},\"potentialAction\":[{\"@type\":\"SearchAction\",\"target\":{\"@type\":\"EntryPoint\",\"urlTemplate\":\"https:\/\/garnibirkenau.com\/it\/?s={search_term_string}\"},\"query-input\":{\"@type\":\"PropertyValueSpecification\",\"valueRequired\":true,\"valueName\":\"search_term_string\"}}],\"inLanguage\":\"it-IT\"},{\"@type\":\"Organization\",\"@id\":\"https:\/\/garnibirkenau.com\/it\/#organization\",\"name\":\"Garni Birkenau\",\"url\":\"https:\/\/garnibirkenau.com\/it\/\",\"logo\":{\"@type\":\"ImageObject\",\"inLanguage\":\"it-IT\",\"@id\":\"https:\/\/garnibirkenau.com\/it\/#\/schema\/logo\/image\/\",\"url\":\"https:\/\/garnibirkenau.com\/wp-content\/uploads\/2024\/02\/Logo-Garni-Birkenau-2x.png\",\"contentUrl\":\"https:\/\/garnibirkenau.com\/wp-content\/uploads\/2024\/02\/Logo-Garni-Birkenau-2x.png\",\"width\":700,\"height\":309,\"caption\":\"Garni Birkenau\"},\"image\":{\"@id\":\"https:\/\/garnibirkenau.com\/it\/#\/schema\/logo\/image\/\"}}]}<\/script>\n<!-- \/ Yoast SEO plugin. -->","yoast_head_json":{"title":"Malghe e Montagne - Garni Birkenau","description":"La Val Passiria offre qualcosa per tutti con i suoi numerosi sentieri escursionistici, le gole, le piste ciclabili e molto altro ancora.","robots":{"index":"index","follow":"follow","max-snippet":"max-snippet:-1","max-image-preview":"max-image-preview:large","max-video-preview":"max-video-preview:-1"},"canonical":"https:\/\/garnibirkenau.com\/it\/dintorni\/malghe-montagne\/","og_locale":"it_IT","og_type":"article","og_title":"Malghe e Montagne - Garni Birkenau","og_description":"La Val Passiria offre qualcosa per tutti con i suoi numerosi sentieri escursionistici, le gole, le piste ciclabili e molto altro ancora.","og_url":"https:\/\/garnibirkenau.com\/it\/dintorni\/malghe-montagne\/","og_site_name":"Garni Birkenau","article_modified_time":"2024-05-16T07:13:28+00:00","og_image":[{"width":1920,"height":1280,"url":"https:\/\/garnibirkenau.com\/wp-content\/uploads\/2024\/02\/Garni-Birkenau-02.jpg","type":"image\/jpeg"}],"twitter_card":"summary_large_image","twitter_misc":{"Tempo di lettura stimato":"5 minuti"},"schema":{"@context":"https:\/\/schema.org","@graph":[{"@type":"WebPage","@id":"https:\/\/garnibirkenau.com\/it\/dintorni\/malghe-montagne\/","url":"https:\/\/garnibirkenau.com\/it\/dintorni\/malghe-montagne\/","name":"Malghe e Montagne - Garni Birkenau","isPartOf":{"@id":"https:\/\/garnibirkenau.com\/it\/#website"},"datePublished":"2024-03-20T10:00:07+00:00","dateModified":"2024-05-16T07:13:28+00:00","description":"La Val Passiria offre qualcosa per tutti con i suoi numerosi sentieri escursionistici, le gole, le piste ciclabili e molto altro ancora.","breadcrumb":{"@id":"https:\/\/garnibirkenau.com\/it\/dintorni\/malghe-montagne\/#breadcrumb"},"inLanguage":"it-IT","potentialAction":[{"@type":"ReadAction","target":["https:\/\/garnibirkenau.com\/it\/dintorni\/malghe-montagne\/"]}]},{"@type":"BreadcrumbList","@id":"https:\/\/garnibirkenau.com\/it\/dintorni\/malghe-montagne\/#breadcrumb","itemListElement":[{"@type":"ListItem","position":1,"name":"Startseite","item":"https:\/\/garnibirkenau.com\/it\/"},{"@type":"ListItem","position":2,"name":"Dintorni","item":"https:\/\/garnibirkenau.com\/it\/dintorni\/"},{"@type":"ListItem","position":3,"name":"Malghe e Montagne"}]},{"@type":"WebSite","@id":"https:\/\/garnibirkenau.com\/it\/#website","url":"https:\/\/garnibirkenau.com\/it\/","name":"Garni Birkenau","description":"Appartements - Ferienwohnungen - Zimmer","publisher":{"@id":"https:\/\/garnibirkenau.com\/it\/#organization"},"potentialAction":[{"@type":"SearchAction","target":{"@type":"EntryPoint","urlTemplate":"https:\/\/garnibirkenau.com\/it\/?s={search_term_string}"},"query-input":{"@type":"PropertyValueSpecification","valueRequired":true,"valueName":"search_term_string"}}],"inLanguage":"it-IT"},{"@type":"Organization","@id":"https:\/\/garnibirkenau.com\/it\/#organization","name":"Garni Birkenau","url":"https:\/\/garnibirkenau.com\/it\/","logo":{"@type":"ImageObject","inLanguage":"it-IT","@id":"https:\/\/garnibirkenau.com\/it\/#\/schema\/logo\/image\/","url":"https:\/\/garnibirkenau.com\/wp-content\/uploads\/2024\/02\/Logo-Garni-Birkenau-2x.png","contentUrl":"https:\/\/garnibirkenau.com\/wp-content\/uploads\/2024\/02\/Logo-Garni-Birkenau-2x.png","width":700,"height":309,"caption":"Garni Birkenau"},"image":{"@id":"https:\/\/garnibirkenau.com\/it\/#\/schema\/logo\/image\/"}}]}},"_links":{"self":[{"href":"https:\/\/garnibirkenau.com\/it\/wp-json\/wp\/v2\/pages\/2247","targetHints":{"allow":["GET"]}}],"collection":[{"href":"https:\/\/garnibirkenau.com\/it\/wp-json\/wp\/v2\/pages"}],"about":[{"href":"https:\/\/garnibirkenau.com\/it\/wp-json\/wp\/v2\/types\/page"}],"author":[{"embeddable":true,"href":"https:\/\/garnibirkenau.com\/it\/wp-json\/wp\/v2\/users\/2"}],"replies":[{"embeddable":true,"href":"https:\/\/garnibirkenau.com\/it\/wp-json\/wp\/v2\/comments?post=2247"}],"version-history":[{"count":4,"href":"https:\/\/garnibirkenau.com\/it\/wp-json\/wp\/v2\/pages\/2247\/revisions"}],"predecessor-version":[{"id":2421,"href":"https:\/\/garnibirkenau.com\/it\/wp-json\/wp\/v2\/pages\/2247\/revisions\/2421"}],"up":[{"embeddable":true,"href":"https:\/\/garnibirkenau.com\/it\/wp-json\/wp\/v2\/pages\/2245"}],"wp:attachment":[{"href":"https:\/\/garnibirkenau.com\/it\/wp-json\/wp\/v2\/media?parent=2247"}],"curies":[{"name":"wp","href":"https:\/\/api.w.org\/{rel}","templated":true}]}}